{"id":1754,"date":"2022-10-28T19:48:55","date_gmt":"2022-10-28T17:48:55","guid":{"rendered":"https:\/\/petracasarovadizajn.sk\/?page_id=1754"},"modified":"2023-01-23T14:00:53","modified_gmt":"2023-01-23T13:00:53","slug":"nieco-o-mne","status":"publish","type":"page","link":"https:\/\/petracasarovadizajn.sk\/?page_id=1754","title":{"rendered":"Nie\u010do o mne"},"content":{"rendered":"\t\t<div data-elementor-type=\"wp-page\" data-elementor-id=\"1754\" class=\"elementor elementor-1754\">\n\t\t\t\t\t\t<div class=\"elementor-inner\">\n\t\t\t\t<div class=\"elementor-section-wrap\">\n\t\t\t\t\t\t\t\t\t<section class=\"elementor-section elementor-top-section elementor-element elementor-element-d6abc01 elementor-section-boxed elementor-section-height-default elementor-section-height-default\" data-id=\"d6abc01\" data-element_type=\"section\" data-settings=\"{&quot;_ha_eqh_enable&quot;:false}\">\n\t\t\t\t\t\t<div class=\"elementor-container elementor-column-gap-default\">\n\t\t\t\t\t\t\t<div class=\"elementor-row\">\n\t\t\t\t\t<div class=\"elementor-column elementor-col-100 elementor-top-column elementor-element elementor-element-730c823\" data-id=\"730c823\" data-element_type=\"column\">\n\t\t\t<div class=\"elementor-column-wrap elementor-element-populated\">\n\t\t\t\t\t\t\t<div class=\"elementor-widget-wrap\">\n\t\t\t\t\t\t<div class=\"elementor-element elementor-element-1855df7 elementor-widget elementor-widget-image\" data-id=\"1855df7\" data-element_type=\"widget\" data-widget_type=\"image.default\">\n\t\t\t\t<div class=\"elementor-widget-container\">\n\t\t\t\t\t\t\t\t<div class=\"elementor-image\">\n\t\t\t\t\t\t\t\t\t\t\t\t<img decoding=\"async\" width=\"768\" height=\"593\" src=\"https:\/\/petracasarovadizajn.sk\/wp-content\/uploads\/2022\/10\/web-297-\u00d7-210-px-Fotokniha-279-\u00d7-216-cm-5-1-768x593.png\" class=\"attachment-medium_large size-medium_large wp-image-2253\" alt=\"\" loading=\"lazy\" srcset=\"https:\/\/petracasarovadizajn.sk\/wp-content\/uploads\/2022\/10\/web-297-\u00d7-210-px-Fotokniha-279-\u00d7-216-cm-5-1-768x593.png 768w, https:\/\/petracasarovadizajn.sk\/wp-content\/uploads\/2022\/10\/web-297-\u00d7-210-px-Fotokniha-279-\u00d7-216-cm-5-1-300x232.png 300w, https:\/\/petracasarovadizajn.sk\/wp-content\/uploads\/2022\/10\/web-297-\u00d7-210-px-Fotokniha-279-\u00d7-216-cm-5-1-1024x791.png 1024w, https:\/\/petracasarovadizajn.sk\/wp-content\/uploads\/2022\/10\/web-297-\u00d7-210-px-Fotokniha-279-\u00d7-216-cm-5-1-1536x1187.png 1536w, https:\/\/petracasarovadizajn.sk\/wp-content\/uploads\/2022\/10\/web-297-\u00d7-210-px-Fotokniha-279-\u00d7-216-cm-5-1-2048x1582.png 2048w\" sizes=\"(max-width: 768px) 100vw, 768px\" \/>\t\t\t\t\t\t\t\t\t\t\t\t\t\t<\/div>\n\t\t\t\t\t\t<\/div>\n\t\t\t\t<\/div>\n\t\t\t\t\t\t<\/div>\n\t\t\t\t\t<\/div>\n\t\t<\/div>\n\t\t\t\t\t\t\t\t<\/div>\n\t\t\t\t\t<\/div>\n\t\t<\/section>\n\t\t\t\t<section class=\"elementor-section elementor-top-section elementor-element elementor-element-8b372c3 elementor-hidden-phone elementor-section-boxed elementor-section-height-default elementor-section-height-default\" data-id=\"8b372c3\" data-element_type=\"section\" data-settings=\"{&quot;_ha_eqh_enable&quot;:false}\">\n\t\t\t\t\t\t<div class=\"elementor-container elementor-column-gap-default\">\n\t\t\t\t\t\t\t<div class=\"elementor-row\">\n\t\t\t\t\t<div class=\"elementor-column elementor-col-50 elementor-top-column elementor-element elementor-element-4b7f2e9\" data-id=\"4b7f2e9\" data-element_type=\"column\">\n\t\t\t<div class=\"elementor-column-wrap elementor-element-populated\">\n\t\t\t\t\t\t\t<div class=\"elementor-widget-wrap\">\n\t\t\t\t\t\t<div class=\"elementor-element elementor-element-2576766 elementor-widget elementor-widget-heading\" data-id=\"2576766\" data-element_type=\"widget\" data-widget_type=\"heading.default\">\n\t\t\t\t<div class=\"elementor-widget-container\">\n\t\t\t<h2 class=\"elementor-heading-title elementor-size-default\">M\u00f4j pr\u00edbeh<\/h2>\t\t<\/div>\n\t\t\t\t<\/div>\n\t\t\t\t<div class=\"elementor-element elementor-element-b34efd9 elementor-widget elementor-widget-text-editor\" data-id=\"b34efd9\" data-element_type=\"widget\" data-widget_type=\"text-editor.default\">\n\t\t\t\t<div class=\"elementor-widget-container\">\n\t\t\t\t\t\t\t\t<div class=\"elementor-text-editor elementor-clearfix\">\n\t\t\t\t<p>Dizajn je moja v\u00e1\u0161e\u0148 u\u017e odmali\u010dka. Vy\u0161tudovala som odevn\u00fd dizajn v Tren\u010d\u00edne, no po \u010dase ma to za\u010dalo \u0165aha\u0165 k interi\u00e9rom. Dnes pon\u00fakam slu\u017eby v oblasti interi\u00e9rov\u00e9ho dizajnu a pom\u00e1ham \u013eu\u010fom vytvori\u0165 ich vysn\u00edvan\u00fd domov. Vystupujem pod zna\u010dkou <em>Petra<\/em> <em>\u010c\u00e1sarov\u00e1-Dizajn s n\u00e1dychom vidieka<\/em>. Milujem to k\u00fazlo ako sa po mal\u00fdch zmen\u00e1ch zmen\u00ed atmosf\u00e9ra priestoru. Aj mal\u00e9 zmeny dok\u00e1\u017eu ve\u013ek\u00fd rozdiel. Rada kladiem d\u00f4raz na detaily, ktor\u00e9 vd\u00fdchnu priestoru du\u0161u a osobit\u00fd \u0161t\u00fdl. M\u00e1m rada farby, ktor\u00e9 s\u00fa neoddelite\u013enou s\u00fa\u010das\u0165ou n\u00e1\u0161ho \u017eivota a pr\u00e1ve oni maj\u00fa ve\u013ek\u00fd vplyv na na\u0161e n\u00e1lady a pocity. Vo svojich n\u00e1vrhoch pou\u017e\u00edvam \u010dist\u00e9 l\u00ednie a doplnky obl\u00fdch tvarov, modernos\u0165, udr\u017eate\u013enos\u0165 a pr\u00edrodn\u00e9 materi\u00e1ly, ktor\u00e9<br \/>rada kombinujem s neutr\u00e1lnymi farbami. D\u00e1 sa poveda\u0165, \u017ee preferujem dizajn v monochromatick\u00fdch farb\u00e1ch. Interi\u00e9ry<br \/>tak p\u00f4sobia nad\u010dasovo a \u00fatulne.\u00a0<br \/>Rada dekorujem priestor pr\u00edrodn\u00fdmi text\u00edliami a pampov\u00fdmi tr\u00e1vami. No predov\u0161etk\u00fdm navrhujem b\u00fdvanie na mieru<br \/>pre V\u00e1s a v\u017edy sa sna\u017e\u00edm vyhovie\u0165 va\u0161im predstav\u00e1m a po\u017eiadavk\u00e1m, ktor\u00e9 skombinujem so svoj\u00edm \u0161t\u00fdlom. Je d\u00f4le\u017eit\u00e9, aby ste mali svoj domov \u0161it\u00fd na mieru a c\u00edtili sa v \u0148om dobre. Pri vytv\u00e1ran\u00ed va\u0161ich n\u00e1vrhov s vami intenz\u00edvne komunikujem po cel\u00fd \u010das a v\u00fdsledkom na\u0161ej spolupr\u00e1ce je V\u00e1\u0161 vysn\u00edvan\u00fd interi\u00e9r s funk\u010dn\u00fdm a nad\u010dasov\u00fdm dizajnom.\u00a0\u00a0<\/p>\t\t\t\t\t<\/div>\n\t\t\t\t\t\t<\/div>\n\t\t\t\t<\/div>\n\t\t\t\t\t\t<\/div>\n\t\t\t\t\t<\/div>\n\t\t<\/div>\n\t\t\t\t<div class=\"elementor-column elementor-col-50 elementor-top-column elementor-element elementor-element-59a6473\" data-id=\"59a6473\" data-element_type=\"column\">\n\t\t\t<div class=\"elementor-column-wrap elementor-element-populated\">\n\t\t\t\t\t\t\t<div class=\"elementor-widget-wrap\">\n\t\t\t\t\t\t<div class=\"elementor-element elementor-element-3ee64b5 elementor-widget elementor-widget-image\" data-id=\"3ee64b5\" data-element_type=\"widget\" data-widget_type=\"image.default\">\n\t\t\t\t<div class=\"elementor-widget-container\">\n\t\t\t\t\t\t\t\t<div class=\"elementor-image\">\n\t\t\t\t\t\t\t\t\t\t\t\t<img decoding=\"async\" width=\"800\" height=\"618\" src=\"https:\/\/petracasarovadizajn.sk\/wp-content\/uploads\/2022\/10\/web-297-\u00d7-210-px-Fotokniha-279-\u00d7-216-cm-8-1024x791.png\" class=\"attachment-large size-large wp-image-2275\" alt=\"\" loading=\"lazy\" srcset=\"https:\/\/petracasarovadizajn.sk\/wp-content\/uploads\/2022\/10\/web-297-\u00d7-210-px-Fotokniha-279-\u00d7-216-cm-8-1024x791.png 1024w, https:\/\/petracasarovadizajn.sk\/wp-content\/uploads\/2022\/10\/web-297-\u00d7-210-px-Fotokniha-279-\u00d7-216-cm-8-300x232.png 300w, https:\/\/petracasarovadizajn.sk\/wp-content\/uploads\/2022\/10\/web-297-\u00d7-210-px-Fotokniha-279-\u00d7-216-cm-8-768x593.png 768w, https:\/\/petracasarovadizajn.sk\/wp-content\/uploads\/2022\/10\/web-297-\u00d7-210-px-Fotokniha-279-\u00d7-216-cm-8-1536x1187.png 1536w, https:\/\/petracasarovadizajn.sk\/wp-content\/uploads\/2022\/10\/web-297-\u00d7-210-px-Fotokniha-279-\u00d7-216-cm-8-2048x1582.png 2048w\" sizes=\"(max-width: 800px) 100vw, 800px\" \/>\t\t\t\t\t\t\t\t\t\t\t\t\t\t<\/div>\n\t\t\t\t\t\t<\/div>\n\t\t\t\t<\/div>\n\t\t\t\t\t\t<\/div>\n\t\t\t\t\t<\/div>\n\t\t<\/div>\n\t\t\t\t\t\t\t\t<\/div>\n\t\t\t\t\t<\/div>\n\t\t<\/section>\n\t\t\t\t<section class=\"elementor-section elementor-top-section elementor-element elementor-element-fa67f11 elementor-hidden-desktop elementor-hidden-tablet elementor-section-boxed elementor-section-height-default elementor-section-height-default\" data-id=\"fa67f11\" data-element_type=\"section\" data-settings=\"{&quot;_ha_eqh_enable&quot;:false}\">\n\t\t\t\t\t\t<div class=\"elementor-container elementor-column-gap-default\">\n\t\t\t\t\t\t\t<div class=\"elementor-row\">\n\t\t\t\t\t<div class=\"elementor-column elementor-col-50 elementor-top-column elementor-element elementor-element-ab0db28\" data-id=\"ab0db28\" data-element_type=\"column\">\n\t\t\t<div class=\"elementor-column-wrap elementor-element-populated\">\n\t\t\t\t\t\t\t<div class=\"elementor-widget-wrap\">\n\t\t\t\t\t\t<div class=\"elementor-element elementor-element-acaa0df elementor-widget elementor-widget-heading\" data-id=\"acaa0df\" data-element_type=\"widget\" data-widget_type=\"heading.default\">\n\t\t\t\t<div class=\"elementor-widget-container\">\n\t\t\t<h2 class=\"elementor-heading-title elementor-size-default\">M\u00f4j pr\u00edbeh<\/h2>\t\t<\/div>\n\t\t\t\t<\/div>\n\t\t\t\t<div class=\"elementor-element elementor-element-eb01d7d elementor-widget elementor-widget-text-editor\" data-id=\"eb01d7d\" data-element_type=\"widget\" data-widget_type=\"text-editor.default\">\n\t\t\t\t<div class=\"elementor-widget-container\">\n\t\t\t\t\t\t\t\t<div class=\"elementor-text-editor elementor-clearfix\">\n\t\t\t\t<p>Dizajn je moja v\u00e1\u0161e\u0148 u\u017e odmali\u010dka. Vy\u0161tudovala som odevn\u00fd dizajn v Tren\u010d\u00edne, no po \u010dase ma to za\u010dalo \u0165aha\u0165 k interi\u00e9rom. Dnes pon\u00fakam slu\u017eby v oblasti interi\u00e9rov\u00e9ho dizajnu a pom\u00e1ham \u013eu\u010fom vytvori\u0165 ich vysn\u00edvan\u00fd domov. Vystupujem pod zna\u010dkou <em>Petra<\/em> <em>\u010c\u00e1sarov\u00e1-Dizajn s n\u00e1dychom vidieka<\/em>. Milujem to k\u00fazlo ako sa po mal\u00fdch zmen\u00e1ch zmen\u00ed atmosf\u00e9ra priestoru. Aj mal\u00e9 zmeny dok\u00e1\u017eu ve\u013ek\u00fd rozdiel. Rada kladiem d\u00f4raz na detaily, ktor\u00e9 vd\u00fdchnu priestoru du\u0161u a osobit\u00fd \u0161t\u00fdl. Milujem farby, ktor\u00e9 s\u00fa neoddelite\u013enou s\u00fa\u010das\u0165ou n\u00e1\u0161ho \u017eivota a pr\u00e1ve oni maj\u00fa ve\u013ek\u00fd vplyv na na\u0161e n\u00e1lady a pocity. Je d\u00f4le\u017eit\u00e9 aby ste mali svoj domov \u0161it\u00fd na mieru a c\u00edtili sa v \u0148om dobre. Pri vytv\u00e1ran\u00ed va\u0161ich n\u00e1vrhov s vami intenz\u00edvne komunikujem po cel\u00fd \u010das a z\u00e1le\u017e\u00ed mi na tom, aby som porozumela va\u0161im predstav\u00e1m a po\u017eiadavk\u00e1m. V\u00fdsledkom na\u0161ej spolupr\u00e1ce je V\u00e1\u0161 vysn\u00edvan\u00fd ineri\u00e9r s funk\u010dn\u00fdm a nad\u010dasov\u00fdm dizajnom.\u00a0\u00a0<\/p>\t\t\t\t\t<\/div>\n\t\t\t\t\t\t<\/div>\n\t\t\t\t<\/div>\n\t\t\t\t\t\t<\/div>\n\t\t\t\t\t<\/div>\n\t\t<\/div>\n\t\t\t\t<div class=\"elementor-column elementor-col-50 elementor-top-column elementor-element elementor-element-b2e63de\" data-id=\"b2e63de\" data-element_type=\"column\">\n\t\t\t<div class=\"elementor-column-wrap elementor-element-populated\">\n\t\t\t\t\t\t\t<div class=\"elementor-widget-wrap\">\n\t\t\t\t\t\t<div class=\"elementor-element elementor-element-da08550 elementor-widget elementor-widget-image\" data-id=\"da08550\" data-element_type=\"widget\" data-widget_type=\"image.default\">\n\t\t\t\t<div class=\"elementor-widget-container\">\n\t\t\t\t\t\t\t\t<div class=\"elementor-image\">\n\t\t\t\t\t\t\t\t\t\t\t\t<img decoding=\"async\" width=\"800\" height=\"618\" src=\"https:\/\/petracasarovadizajn.sk\/wp-content\/uploads\/2022\/10\/web-297-\u00d7-210-px-Fotokniha-279-\u00d7-216-cm-8-1024x791.png\" class=\"attachment-large size-large wp-image-2275\" alt=\"\" loading=\"lazy\" srcset=\"https:\/\/petracasarovadizajn.sk\/wp-content\/uploads\/2022\/10\/web-297-\u00d7-210-px-Fotokniha-279-\u00d7-216-cm-8-1024x791.png 1024w, https:\/\/petracasarovadizajn.sk\/wp-content\/uploads\/2022\/10\/web-297-\u00d7-210-px-Fotokniha-279-\u00d7-216-cm-8-300x232.png 300w, https:\/\/petracasarovadizajn.sk\/wp-content\/uploads\/2022\/10\/web-297-\u00d7-210-px-Fotokniha-279-\u00d7-216-cm-8-768x593.png 768w, https:\/\/petracasarovadizajn.sk\/wp-content\/uploads\/2022\/10\/web-297-\u00d7-210-px-Fotokniha-279-\u00d7-216-cm-8-1536x1187.png 1536w, https:\/\/petracasarovadizajn.sk\/wp-content\/uploads\/2022\/10\/web-297-\u00d7-210-px-Fotokniha-279-\u00d7-216-cm-8-2048x1582.png 2048w\" sizes=\"(max-width: 800px) 100vw, 800px\" \/>\t\t\t\t\t\t\t\t\t\t\t\t\t\t<\/div>\n\t\t\t\t\t\t<\/div>\n\t\t\t\t<\/div>\n\t\t\t\t\t\t<\/div>\n\t\t\t\t\t<\/div>\n\t\t<\/div>\n\t\t\t\t\t\t\t\t<\/div>\n\t\t\t\t\t<\/div>\n\t\t<\/section>\n\t\t\t\t<section class=\"elementor-section elementor-top-section elementor-element elementor-element-c711eeb elementor-section-boxed elementor-section-height-default elementor-section-height-default\" data-id=\"c711eeb\" data-element_type=\"section\" data-settings=\"{&quot;_ha_eqh_enable&quot;:false}\">\n\t\t\t\t\t\t<div class=\"elementor-container elementor-column-gap-default\">\n\t\t\t\t\t\t\t<div class=\"elementor-row\">\n\t\t\t\t\t<div class=\"elementor-column elementor-col-100 elementor-top-column elementor-element elementor-element-b27b1eb\" data-id=\"b27b1eb\" data-element_type=\"column\">\n\t\t\t<div class=\"elementor-column-wrap elementor-element-populated\">\n\t\t\t\t\t\t\t<div class=\"elementor-widget-wrap\">\n\t\t\t\t\t\t<div class=\"elementor-element elementor-element-57320c4 elementor-widget elementor-widget-image\" data-id=\"57320c4\" data-element_type=\"widget\" data-widget_type=\"image.default\">\n\t\t\t\t<div class=\"elementor-widget-container\">\n\t\t\t\t\t\t\t\t<div class=\"elementor-image\">\n\t\t\t\t\t\t\t\t\t\t\t\t<img decoding=\"async\" width=\"768\" height=\"593\" src=\"https:\/\/petracasarovadizajn.sk\/wp-content\/uploads\/2022\/10\/web-297-\u00d7-210-px-Fotokniha-279-\u00d7-216-cm-7-768x593.png\" class=\"attachment-medium_large size-medium_large wp-image-2167\" alt=\"\" loading=\"lazy\" srcset=\"https:\/\/petracasarovadizajn.sk\/wp-content\/uploads\/2022\/10\/web-297-\u00d7-210-px-Fotokniha-279-\u00d7-216-cm-7-768x593.png 768w, https:\/\/petracasarovadizajn.sk\/wp-content\/uploads\/2022\/10\/web-297-\u00d7-210-px-Fotokniha-279-\u00d7-216-cm-7-300x232.png 300w, https:\/\/petracasarovadizajn.sk\/wp-content\/uploads\/2022\/10\/web-297-\u00d7-210-px-Fotokniha-279-\u00d7-216-cm-7-1024x791.png 1024w, https:\/\/petracasarovadizajn.sk\/wp-content\/uploads\/2022\/10\/web-297-\u00d7-210-px-Fotokniha-279-\u00d7-216-cm-7-1536x1187.png 1536w, https:\/\/petracasarovadizajn.sk\/wp-content\/uploads\/2022\/10\/web-297-\u00d7-210-px-Fotokniha-279-\u00d7-216-cm-7-2048x1582.png 2048w\" sizes=\"(max-width: 768px) 100vw, 768px\" \/>\t\t\t\t\t\t\t\t\t\t\t\t\t\t<\/div>\n\t\t\t\t\t\t<\/div>\n\t\t\t\t<\/div>\n\t\t\t\t\t\t<\/div>\n\t\t\t\t\t<\/div>\n\t\t<\/div>\n\t\t\t\t\t\t\t\t<\/div>\n\t\t\t\t\t<\/div>\n\t\t<\/section>\n\t\t\t\t\t\t\t\t\t<\/div>\n\t\t\t<\/div>\n\t\t\t\t\t<\/div>\n\t\t","protected":false},"excerpt":{"rendered":"<p>M\u00f4j pr\u00edbeh Dizajn je moja v\u00e1\u0161e\u0148 u\u017e odmali\u010dka. Vy\u0161tudovala som odevn\u00fd dizajn v Tren\u010d\u00edne, no po \u010dase ma to za\u010dalo \u0165aha\u0165 k interi\u00e9rom. Dnes pon\u00fakam slu\u017eby v oblasti interi\u00e9rov\u00e9ho dizajnu a pom\u00e1ham \u013eu\u010fom vytvori\u0165 ich vysn\u00edvan\u00fd domov. Vystupujem pod zna\u010dkou Petra \u010c\u00e1sarov\u00e1-Dizajn s n\u00e1dychom vidieka. Milujem to k\u00fazlo ako sa po mal\u00fdch zmen\u00e1ch zmen\u00ed atmosf\u00e9ra [&hellip;]<\/p>\n","protected":false},"author":1,"featured_media":0,"parent":0,"menu_order":0,"comment_status":"closed","ping_status":"closed","template":"","meta":{"_monsterinsights_skip_tracking":false,"_monsterinsights_sitenote_active":false,"_monsterinsights_sitenote_note":"","_monsterinsights_sitenote_category":0},"yoast_head":"<!-- This site is optimized with the Yoast SEO plugin v20.4 - https:\/\/yoast.com\/wordpress\/plugins\/seo\/ -->\n<title>Nie\u010do o mne - petracasarovadizajn<\/title>\n<meta name=\"robots\" content=\"index, follow, max-snippet:-1, max-image-preview:large, max-video-preview:-1\" \/>\n<link rel=\"canonical\" href=\"https:\/\/petracasarovadizajn.sk\/?page_id=1754\" \/>\n<meta property=\"og:locale\" content=\"sk_SK\" \/>\n<meta property=\"og:type\" content=\"article\" \/>\n<meta property=\"og:title\" content=\"Nie\u010do o mne - petracasarovadizajn\" \/>\n<meta property=\"og:description\" content=\"M\u00f4j pr\u00edbeh Dizajn je moja v\u00e1\u0161e\u0148 u\u017e odmali\u010dka. Vy\u0161tudovala som odevn\u00fd dizajn v Tren\u010d\u00edne, no po \u010dase ma to za\u010dalo \u0165aha\u0165 k interi\u00e9rom. Dnes pon\u00fakam slu\u017eby v oblasti interi\u00e9rov\u00e9ho dizajnu a pom\u00e1ham \u013eu\u010fom vytvori\u0165 ich vysn\u00edvan\u00fd domov. Vystupujem pod zna\u010dkou Petra \u010c\u00e1sarov\u00e1-Dizajn s n\u00e1dychom vidieka. Milujem to k\u00fazlo ako sa po mal\u00fdch zmen\u00e1ch zmen\u00ed atmosf\u00e9ra [&hellip;]\" \/>\n<meta property=\"og:url\" content=\"https:\/\/petracasarovadizajn.sk\/?page_id=1754\" \/>\n<meta property=\"og:site_name\" content=\"petracasarovadizajn\" \/>\n<meta property=\"article:modified_time\" content=\"2023-01-23T13:00:53+00:00\" \/>\n<meta name=\"twitter:card\" content=\"summary_large_image\" \/>\n<meta name=\"twitter:label1\" content=\"Predpokladan\u00fd \u010das \u010d\u00edtania\" \/>\n\t<meta name=\"twitter:data1\" content=\"3 min\u00faty\" \/>\n<script type=\"application\/ld+json\" class=\"yoast-schema-graph\">{\"@context\":\"https:\/\/schema.org\",\"@graph\":[{\"@type\":\"WebPage\",\"@id\":\"https:\/\/petracasarovadizajn.sk\/?page_id=1754\",\"url\":\"https:\/\/petracasarovadizajn.sk\/?page_id=1754\",\"name\":\"Nie\u010do o mne - petracasarovadizajn\",\"isPartOf\":{\"@id\":\"https:\/\/petracasarovadizajn.sk\/#website\"},\"datePublished\":\"2022-10-28T17:48:55+00:00\",\"dateModified\":\"2023-01-23T13:00:53+00:00\",\"breadcrumb\":{\"@id\":\"https:\/\/petracasarovadizajn.sk\/?page_id=1754#breadcrumb\"},\"inLanguage\":\"sk-SK\",\"potentialAction\":[{\"@type\":\"ReadAction\",\"target\":[\"https:\/\/petracasarovadizajn.sk\/?page_id=1754\"]}]},{\"@type\":\"BreadcrumbList\",\"@id\":\"https:\/\/petracasarovadizajn.sk\/?page_id=1754#breadcrumb\",\"itemListElement\":[{\"@type\":\"ListItem\",\"position\":1,\"name\":\"Home\",\"item\":\"https:\/\/petracasarovadizajn.sk\/\"},{\"@type\":\"ListItem\",\"position\":2,\"name\":\"Nie\u010do o mne\"}]},{\"@type\":\"WebSite\",\"@id\":\"https:\/\/petracasarovadizajn.sk\/#website\",\"url\":\"https:\/\/petracasarovadizajn.sk\/\",\"name\":\"petracasarovadizajn\",\"description\":\"interi\u00e9rov\u00fd dizajn\",\"potentialAction\":[{\"@type\":\"SearchAction\",\"target\":{\"@type\":\"EntryPoint\",\"urlTemplate\":\"https:\/\/petracasarovadizajn.sk\/?s={search_term_string}\"},\"query-input\":\"required name=search_term_string\"}],\"inLanguage\":\"sk-SK\"}]}<\/script>\n<!-- \/ Yoast SEO plugin. -->","yoast_head_json":{"title":"Nie\u010do o mne - petracasarovadizajn","robots":{"index":"index","follow":"follow","max-snippet":"max-snippet:-1","max-image-preview":"max-image-preview:large","max-video-preview":"max-video-preview:-1"},"canonical":"https:\/\/petracasarovadizajn.sk\/?page_id=1754","og_locale":"sk_SK","og_type":"article","og_title":"Nie\u010do o mne - petracasarovadizajn","og_description":"M\u00f4j pr\u00edbeh Dizajn je moja v\u00e1\u0161e\u0148 u\u017e odmali\u010dka. Vy\u0161tudovala som odevn\u00fd dizajn v Tren\u010d\u00edne, no po \u010dase ma to za\u010dalo \u0165aha\u0165 k interi\u00e9rom. Dnes pon\u00fakam slu\u017eby v oblasti interi\u00e9rov\u00e9ho dizajnu a pom\u00e1ham \u013eu\u010fom vytvori\u0165 ich vysn\u00edvan\u00fd domov. Vystupujem pod zna\u010dkou Petra \u010c\u00e1sarov\u00e1-Dizajn s n\u00e1dychom vidieka. Milujem to k\u00fazlo ako sa po mal\u00fdch zmen\u00e1ch zmen\u00ed atmosf\u00e9ra [&hellip;]","og_url":"https:\/\/petracasarovadizajn.sk\/?page_id=1754","og_site_name":"petracasarovadizajn","article_modified_time":"2023-01-23T13:00:53+00:00","twitter_card":"summary_large_image","twitter_misc":{"Predpokladan\u00fd \u010das \u010d\u00edtania":"3 min\u00faty"},"schema":{"@context":"https:\/\/schema.org","@graph":[{"@type":"WebPage","@id":"https:\/\/petracasarovadizajn.sk\/?page_id=1754","url":"https:\/\/petracasarovadizajn.sk\/?page_id=1754","name":"Nie\u010do o mne - petracasarovadizajn","isPartOf":{"@id":"https:\/\/petracasarovadizajn.sk\/#website"},"datePublished":"2022-10-28T17:48:55+00:00","dateModified":"2023-01-23T13:00:53+00:00","breadcrumb":{"@id":"https:\/\/petracasarovadizajn.sk\/?page_id=1754#breadcrumb"},"inLanguage":"sk-SK","potentialAction":[{"@type":"ReadAction","target":["https:\/\/petracasarovadizajn.sk\/?page_id=1754"]}]},{"@type":"BreadcrumbList","@id":"https:\/\/petracasarovadizajn.sk\/?page_id=1754#breadcrumb","itemListElement":[{"@type":"ListItem","position":1,"name":"Home","item":"https:\/\/petracasarovadizajn.sk\/"},{"@type":"ListItem","position":2,"name":"Nie\u010do o mne"}]},{"@type":"WebSite","@id":"https:\/\/petracasarovadizajn.sk\/#website","url":"https:\/\/petracasarovadizajn.sk\/","name":"petracasarovadizajn","description":"interi\u00e9rov\u00fd dizajn","potentialAction":[{"@type":"SearchAction","target":{"@type":"EntryPoint","urlTemplate":"https:\/\/petracasarovadizajn.sk\/?s={search_term_string}"},"query-input":"required name=search_term_string"}],"inLanguage":"sk-SK"}]}},"_links":{"self":[{"href":"https:\/\/petracasarovadizajn.sk\/index.php?rest_route=\/wp\/v2\/pages\/1754"}],"collection":[{"href":"https:\/\/petracasarovadizajn.sk\/index.php?rest_route=\/wp\/v2\/pages"}],"about":[{"href":"https:\/\/petracasarovadizajn.sk\/index.php?rest_route=\/wp\/v2\/types\/page"}],"author":[{"embeddable":true,"href":"https:\/\/petracasarovadizajn.sk\/index.php?rest_route=\/wp\/v2\/users\/1"}],"replies":[{"embeddable":true,"href":"https:\/\/petracasarovadizajn.sk\/index.php?rest_route=%2Fwp%2Fv2%2Fcomments&post=1754"}],"version-history":[{"count":6,"href":"https:\/\/petracasarovadizajn.sk\/index.php?rest_route=\/wp\/v2\/pages\/1754\/revisions"}],"predecessor-version":[{"id":5888,"href":"https:\/\/petracasarovadizajn.sk\/index.php?rest_route=\/wp\/v2\/pages\/1754\/revisions\/5888"}],"wp:attachment":[{"href":"https:\/\/petracasarovadizajn.sk\/index.php?rest_route=%2Fwp%2Fv2%2Fmedia&parent=1754"}],"curies":[{"name":"wp","href":"https:\/\/api.w.org\/{rel}","templated":true}]}}