{"id":2310,"date":"2022-10-30T11:49:05","date_gmt":"2022-10-30T10:49:05","guid":{"rendered":"https:\/\/petracasarovadizajn.sk\/?page_id=2310"},"modified":"2022-10-31T10:42:54","modified_gmt":"2022-10-31T09:42:54","slug":"cennik","status":"publish","type":"page","link":"https:\/\/petracasarovadizajn.sk\/?page_id=2310","title":{"rendered":"Cenn\u00edk"},"content":{"rendered":"\t\t<div data-elementor-type=\"wp-page\" data-elementor-id=\"2310\" class=\"elementor elementor-2310\">\n\t\t\t\t\t\t<div class=\"elementor-inner\">\n\t\t\t\t<div class=\"elementor-section-wrap\">\n\t\t\t\t\t\t\t\t\t<section class=\"elementor-section elementor-top-section elementor-element elementor-element-a4392bf elementor-section-boxed elementor-section-height-default elementor-section-height-default\" data-id=\"a4392bf\" data-element_type=\"section\" data-settings=\"{&quot;background_background&quot;:&quot;classic&quot;,&quot;_ha_eqh_enable&quot;:false}\">\n\t\t\t\t\t\t<div class=\"elementor-container elementor-column-gap-default\">\n\t\t\t\t\t\t\t<div class=\"elementor-row\">\n\t\t\t\t\t<div class=\"elementor-column elementor-col-50 elementor-top-column elementor-element elementor-element-1b3934e\" data-id=\"1b3934e\" data-element_type=\"column\">\n\t\t\t<div class=\"elementor-column-wrap elementor-element-populated\">\n\t\t\t\t\t\t\t<div class=\"elementor-widget-wrap\">\n\t\t\t\t\t\t<div class=\"elementor-element elementor-element-9886e20 elementor-widget elementor-widget-heading\" data-id=\"9886e20\" data-element_type=\"widget\" data-widget_type=\"heading.default\">\n\t\t\t\t<div class=\"elementor-widget-container\">\n\t\t\t<h2 class=\"elementor-heading-title elementor-size-default\">Cena n\u00e1vrhu interi\u00e9ru<\/h2>\t\t<\/div>\n\t\t\t\t<\/div>\n\t\t\t\t<div class=\"elementor-element elementor-element-ff2115c elementor-widget elementor-widget-text-editor\" data-id=\"ff2115c\" data-element_type=\"widget\" data-widget_type=\"text-editor.default\">\n\t\t\t\t<div class=\"elementor-widget-container\">\n\t\t\t\t\t\t\t\t<div class=\"elementor-text-editor elementor-clearfix\">\n\t\t\t\t<p>Cenov\u00e9 ponuky pre ka\u017ed\u00e9ho klieta s\u00fa individu\u00e1lne pod\u013ea jeho po\u017eiadaviek. V pr\u00edpade z\u00e1ujmu ma nev\u00e1hajte kontaktova\u0165 s va\u0161imi po\u017eiadavkami a predstavami o cenov\u00fa ponuku na n\u00e1vrh interi\u00e9ru.<\/p>\t\t\t\t\t<\/div>\n\t\t\t\t\t\t<\/div>\n\t\t\t\t<\/div>\n\t\t\t\t<div class=\"elementor-element elementor-element-d4cb0f6 elementor-align-center elementor-widget elementor-widget-button\" data-id=\"d4cb0f6\" data-element_type=\"widget\" data-widget_type=\"button.default\">\n\t\t\t\t<div class=\"elementor-widget-container\">\n\t\t\t\t\t<div class=\"elementor-button-wrapper\">\n\t\t\t<a href=\"https:\/\/petracasarovadizajn.sk\/?page_id=1926\" class=\"elementor-button-link elementor-button elementor-size-xs\" role=\"button\">\n\t\t\t\t\t\t<span class=\"elementor-button-content-wrapper\">\n\t\t\t\t\t\t<span class=\"elementor-button-text\">KONTAKTUJTE MA<\/span>\n\t\t<\/span>\n\t\t\t\t\t<\/a>\n\t\t<\/div>\n\t\t\t\t<\/div>\n\t\t\t\t<\/div>\n\t\t\t\t\t\t<\/div>\n\t\t\t\t\t<\/div>\n\t\t<\/div>\n\t\t\t\t<div class=\"elementor-column elementor-col-50 elementor-top-column elementor-element elementor-element-811ad87\" data-id=\"811ad87\" data-element_type=\"column\">\n\t\t\t<div class=\"elementor-column-wrap elementor-element-populated\">\n\t\t\t\t\t\t\t<div class=\"elementor-widget-wrap\">\n\t\t\t\t\t\t<div class=\"elementor-element elementor-element-15e61c7 elementor-widget elementor-widget-image\" data-id=\"15e61c7\" data-element_type=\"widget\" data-widget_type=\"image.default\">\n\t\t\t\t<div class=\"elementor-widget-container\">\n\t\t\t\t\t\t\t\t<div class=\"elementor-image\">\n\t\t\t\t\t\t\t\t\t\t\t\t<img decoding=\"async\" width=\"800\" height=\"618\" src=\"https:\/\/petracasarovadizajn.sk\/wp-content\/uploads\/2022\/10\/kolaz-7-1024x791.png\" class=\"attachment-large size-large wp-image-2336\" alt=\"\" loading=\"lazy\" srcset=\"https:\/\/petracasarovadizajn.sk\/wp-content\/uploads\/2022\/10\/kolaz-7-1024x791.png 1024w, https:\/\/petracasarovadizajn.sk\/wp-content\/uploads\/2022\/10\/kolaz-7-300x232.png 300w, https:\/\/petracasarovadizajn.sk\/wp-content\/uploads\/2022\/10\/kolaz-7-768x593.png 768w, https:\/\/petracasarovadizajn.sk\/wp-content\/uploads\/2022\/10\/kolaz-7-1536x1187.png 1536w, https:\/\/petracasarovadizajn.sk\/wp-content\/uploads\/2022\/10\/kolaz-7-2048x1582.png 2048w\" sizes=\"(max-width: 800px) 100vw, 800px\" \/>\t\t\t\t\t\t\t\t\t\t\t\t\t\t<\/div>\n\t\t\t\t\t\t<\/div>\n\t\t\t\t<\/div>\n\t\t\t\t\t\t<\/div>\n\t\t\t\t\t<\/div>\n\t\t<\/div>\n\t\t\t\t\t\t\t\t<\/div>\n\t\t\t\t\t<\/div>\n\t\t<\/section>\n\t\t\t\t\t\t\t\t\t<\/div>\n\t\t\t<\/div>\n\t\t\t\t\t<\/div>\n\t\t","protected":false},"excerpt":{"rendered":"<p>Cena n\u00e1vrhu interi\u00e9ru Cenov\u00e9 ponuky pre ka\u017ed\u00e9ho klieta s\u00fa individu\u00e1lne pod\u013ea jeho po\u017eiadaviek. V pr\u00edpade z\u00e1ujmu ma nev\u00e1hajte kontaktova\u0165 s va\u0161imi po\u017eiadavkami a predstavami o cenov\u00fa ponuku na n\u00e1vrh interi\u00e9ru. KONTAKTUJTE MA<\/p>\n","protected":false},"author":1,"featured_media":0,"parent":0,"menu_order":0,"comment_status":"closed","ping_status":"closed","template":"","meta":{"_monsterinsights_skip_tracking":false,"_monsterinsights_sitenote_active":false,"_monsterinsights_sitenote_note":"","_monsterinsights_sitenote_category":0},"yoast_head":"<!-- This site is optimized with the Yoast SEO plugin v20.4 - https:\/\/yoast.com\/wordpress\/plugins\/seo\/ -->\n<title>Cenn\u00edk - petracasarovadizajn<\/title>\n<meta name=\"robots\" content=\"index, follow, max-snippet:-1, max-image-preview:large, max-video-preview:-1\" \/>\n<link rel=\"canonical\" href=\"https:\/\/petracasarovadizajn.sk\/?page_id=2310\" \/>\n<meta property=\"og:locale\" content=\"sk_SK\" \/>\n<meta property=\"og:type\" content=\"article\" \/>\n<meta property=\"og:title\" content=\"Cenn\u00edk - petracasarovadizajn\" \/>\n<meta property=\"og:description\" content=\"Cena n\u00e1vrhu interi\u00e9ru Cenov\u00e9 ponuky pre ka\u017ed\u00e9ho klieta s\u00fa individu\u00e1lne pod\u013ea jeho po\u017eiadaviek. V pr\u00edpade z\u00e1ujmu ma nev\u00e1hajte kontaktova\u0165 s va\u0161imi po\u017eiadavkami a predstavami o cenov\u00fa ponuku na n\u00e1vrh interi\u00e9ru. KONTAKTUJTE MA\" \/>\n<meta property=\"og:url\" content=\"https:\/\/petracasarovadizajn.sk\/?page_id=2310\" \/>\n<meta property=\"og:site_name\" content=\"petracasarovadizajn\" \/>\n<meta property=\"article:modified_time\" content=\"2022-10-31T09:42:54+00:00\" \/>\n<meta property=\"og:image\" content=\"https:\/\/petracasarovadizajn.sk\/wp-content\/uploads\/2022\/10\/kolaz-7-1024x791.png\" \/>\n<meta name=\"twitter:card\" content=\"summary_large_image\" \/>\n<meta name=\"twitter:label1\" content=\"Predpokladan\u00fd \u010das \u010d\u00edtania\" \/>\n\t<meta name=\"twitter:data1\" content=\"1 min\u00fata\" \/>\n<script type=\"application\/ld+json\" class=\"yoast-schema-graph\">{\"@context\":\"https:\/\/schema.org\",\"@graph\":[{\"@type\":\"WebPage\",\"@id\":\"https:\/\/petracasarovadizajn.sk\/?page_id=2310\",\"url\":\"https:\/\/petracasarovadizajn.sk\/?page_id=2310\",\"name\":\"Cenn\u00edk - petracasarovadizajn\",\"isPartOf\":{\"@id\":\"https:\/\/petracasarovadizajn.sk\/#website\"},\"datePublished\":\"2022-10-30T10:49:05+00:00\",\"dateModified\":\"2022-10-31T09:42:54+00:00\",\"breadcrumb\":{\"@id\":\"https:\/\/petracasarovadizajn.sk\/?page_id=2310#breadcrumb\"},\"inLanguage\":\"sk-SK\",\"potentialAction\":[{\"@type\":\"ReadAction\",\"target\":[\"https:\/\/petracasarovadizajn.sk\/?page_id=2310\"]}]},{\"@type\":\"BreadcrumbList\",\"@id\":\"https:\/\/petracasarovadizajn.sk\/?page_id=2310#breadcrumb\",\"itemListElement\":[{\"@type\":\"ListItem\",\"position\":1,\"name\":\"Home\",\"item\":\"https:\/\/petracasarovadizajn.sk\/\"},{\"@type\":\"ListItem\",\"position\":2,\"name\":\"Cenn\u00edk\"}]},{\"@type\":\"WebSite\",\"@id\":\"https:\/\/petracasarovadizajn.sk\/#website\",\"url\":\"https:\/\/petracasarovadizajn.sk\/\",\"name\":\"petracasarovadizajn\",\"description\":\"interi\u00e9rov\u00fd dizajn\",\"potentialAction\":[{\"@type\":\"SearchAction\",\"target\":{\"@type\":\"EntryPoint\",\"urlTemplate\":\"https:\/\/petracasarovadizajn.sk\/?s={search_term_string}\"},\"query-input\":\"required name=search_term_string\"}],\"inLanguage\":\"sk-SK\"}]}<\/script>\n<!-- \/ Yoast SEO plugin. -->","yoast_head_json":{"title":"Cenn\u00edk - petracasarovadizajn","robots":{"index":"index","follow":"follow","max-snippet":"max-snippet:-1","max-image-preview":"max-image-preview:large","max-video-preview":"max-video-preview:-1"},"canonical":"https:\/\/petracasarovadizajn.sk\/?page_id=2310","og_locale":"sk_SK","og_type":"article","og_title":"Cenn\u00edk - petracasarovadizajn","og_description":"Cena n\u00e1vrhu interi\u00e9ru Cenov\u00e9 ponuky pre ka\u017ed\u00e9ho klieta s\u00fa individu\u00e1lne pod\u013ea jeho po\u017eiadaviek. V pr\u00edpade z\u00e1ujmu ma nev\u00e1hajte kontaktova\u0165 s va\u0161imi po\u017eiadavkami a predstavami o cenov\u00fa ponuku na n\u00e1vrh interi\u00e9ru. KONTAKTUJTE MA","og_url":"https:\/\/petracasarovadizajn.sk\/?page_id=2310","og_site_name":"petracasarovadizajn","article_modified_time":"2022-10-31T09:42:54+00:00","og_image":[{"url":"https:\/\/petracasarovadizajn.sk\/wp-content\/uploads\/2022\/10\/kolaz-7-1024x791.png"}],"twitter_card":"summary_large_image","twitter_misc":{"Predpokladan\u00fd \u010das \u010d\u00edtania":"1 min\u00fata"},"schema":{"@context":"https:\/\/schema.org","@graph":[{"@type":"WebPage","@id":"https:\/\/petracasarovadizajn.sk\/?page_id=2310","url":"https:\/\/petracasarovadizajn.sk\/?page_id=2310","name":"Cenn\u00edk - petracasarovadizajn","isPartOf":{"@id":"https:\/\/petracasarovadizajn.sk\/#website"},"datePublished":"2022-10-30T10:49:05+00:00","dateModified":"2022-10-31T09:42:54+00:00","breadcrumb":{"@id":"https:\/\/petracasarovadizajn.sk\/?page_id=2310#breadcrumb"},"inLanguage":"sk-SK","potentialAction":[{"@type":"ReadAction","target":["https:\/\/petracasarovadizajn.sk\/?page_id=2310"]}]},{"@type":"BreadcrumbList","@id":"https:\/\/petracasarovadizajn.sk\/?page_id=2310#breadcrumb","itemListElement":[{"@type":"ListItem","position":1,"name":"Home","item":"https:\/\/petracasarovadizajn.sk\/"},{"@type":"ListItem","position":2,"name":"Cenn\u00edk"}]},{"@type":"WebSite","@id":"https:\/\/petracasarovadizajn.sk\/#website","url":"https:\/\/petracasarovadizajn.sk\/","name":"petracasarovadizajn","description":"interi\u00e9rov\u00fd dizajn","potentialAction":[{"@type":"SearchAction","target":{"@type":"EntryPoint","urlTemplate":"https:\/\/petracasarovadizajn.sk\/?s={search_term_string}"},"query-input":"required name=search_term_string"}],"inLanguage":"sk-SK"}]}},"_links":{"self":[{"href":"https:\/\/petracasarovadizajn.sk\/index.php?rest_route=\/wp\/v2\/pages\/2310"}],"collection":[{"href":"https:\/\/petracasarovadizajn.sk\/index.php?rest_route=\/wp\/v2\/pages"}],"about":[{"href":"https:\/\/petracasarovadizajn.sk\/index.php?rest_route=\/wp\/v2\/types\/page"}],"author":[{"embeddable":true,"href":"https:\/\/petracasarovadizajn.sk\/index.php?rest_route=\/wp\/v2\/users\/1"}],"replies":[{"embeddable":true,"href":"https:\/\/petracasarovadizajn.sk\/index.php?rest_route=%2Fwp%2Fv2%2Fcomments&post=2310"}],"version-history":[{"count":6,"href":"https:\/\/petracasarovadizajn.sk\/index.php?rest_route=\/wp\/v2\/pages\/2310\/revisions"}],"predecessor-version":[{"id":3722,"href":"https:\/\/petracasarovadizajn.sk\/index.php?rest_route=\/wp\/v2\/pages\/2310\/revisions\/3722"}],"wp:attachment":[{"href":"https:\/\/petracasarovadizajn.sk\/index.php?rest_route=%2Fwp%2Fv2%2Fmedia&parent=2310"}],"curies":[{"name":"wp","href":"https:\/\/api.w.org\/{rel}","templated":true}]}}