{"id":484,"date":"2021-02-25T16:00:01","date_gmt":"2021-02-25T15:00:01","guid":{"rendered":"http:\/\/petracasarovadizajn.sk\/?page_id=484"},"modified":"2021-08-31T21:50:37","modified_gmt":"2021-08-31T19:50:37","slug":"zasady-spracovania-osobnych-udajov-zsou","status":"publish","type":"page","link":"https:\/\/petracasarovadizajn.sk\/?page_id=484","title":{"rendered":"Z\u00e1sady spracovania osobn\u00fdch \u00fadajov-ZSO\u00da"},"content":{"rendered":"\t\t<div data-elementor-type=\"wp-page\" data-elementor-id=\"484\" class=\"elementor elementor-484\">\n\t\t\t\t\t\t<div class=\"elementor-inner\">\n\t\t\t\t<div class=\"elementor-section-wrap\">\n\t\t\t\t\t\t\t\t\t<section class=\"elementor-section elementor-top-section elementor-element elementor-element-62557e1 elementor-section-boxed elementor-section-height-default elementor-section-height-default\" data-id=\"62557e1\" data-element_type=\"section\" data-settings=\"{&quot;background_background&quot;:&quot;classic&quot;,&quot;_ha_eqh_enable&quot;:false}\">\n\t\t\t\t\t\t<div class=\"elementor-container elementor-column-gap-default\">\n\t\t\t\t\t\t\t<div class=\"elementor-row\">\n\t\t\t\t\t<div class=\"elementor-column elementor-col-100 elementor-top-column elementor-element elementor-element-f30c985\" data-id=\"f30c985\" data-element_type=\"column\" data-settings=\"{&quot;background_background&quot;:&quot;classic&quot;}\">\n\t\t\t<div class=\"elementor-column-wrap elementor-element-populated\">\n\t\t\t\t\t\t\t<div class=\"elementor-widget-wrap\">\n\t\t\t\t\t\t<div class=\"elementor-element elementor-element-3da11e1 elementor-widget elementor-widget-heading\" data-id=\"3da11e1\" data-element_type=\"widget\" data-widget_type=\"heading.default\">\n\t\t\t\t<div class=\"elementor-widget-container\">\n\t\t\t<h2 class=\"elementor-heading-title elementor-size-default\">Z\u00e1sady spracovania osobn\u00fdch \u00fadajov<\/h2>\t\t<\/div>\n\t\t\t\t<\/div>\n\t\t\t\t<div class=\"elementor-element elementor-element-0ae7ef5 elementor-widget elementor-widget-text-editor\" data-id=\"0ae7ef5\" data-element_type=\"widget\" data-widget_type=\"text-editor.default\">\n\t\t\t\t<div class=\"elementor-widget-container\">\n\t\t\t\t\t\t\t\t<div class=\"elementor-text-editor elementor-clearfix\">\n\t\t\t\t<div class=\"elementor elementor-295\" data-elementor-type=\"wp-page\" data-elementor-id=\"295\" data-elementor-settings=\"[]\"><div class=\"elementor-inner\"><div class=\"elementor-section-wrap\"><section class=\"elementor-section elementor-top-section elementor-element elementor-element-47f9033a elementor-section-boxed elementor-section-height-default elementor-section-height-default\" data-id=\"47f9033a\" data-element_type=\"section\" data-settings=\"{\"><div class=\"elementor-container elementor-column-gap-default\"><div class=\"elementor-row\"><div class=\"elementor-column elementor-col-100 elementor-top-column elementor-element elementor-element-37ed36fc\" data-id=\"37ed36fc\" data-element_type=\"column\" data-settings=\"{\"><div class=\"elementor-column-wrap elementor-element-populated\"><div class=\"elementor-widget-wrap\"><div class=\"elementor-element elementor-element-36c6e0ed elementor-widget elementor-widget-theme-post-title elementor-page-title elementor-widget-heading\" data-id=\"36c6e0ed\" data-element_type=\"widget\" data-widget_type=\"theme-post-title.default\"><div class=\"elementor-widget-container\"><h1 class=\"elementor-heading-title elementor-size-default\">Z\u00e1sady sprac\u00favania osobn\u00fdch \u00fadajov<\/h1><\/div><\/div><div class=\"elementor-element elementor-element-3419cdb elementor-widget elementor-widget-text-editor\" data-id=\"3419cdb\" data-element_type=\"widget\" data-widget_type=\"text-editor.default\"><div class=\"elementor-widget-container\"><div class=\"elementor-text-editor elementor-clearfix\"><p><b>Ochrana osobn\u00fdch \u00fadajov<\/b><\/p><p><b><\/b>Pokia\u013e ste n\u0161im z\u00e1kazn\u00edkom, odberate\u013eom noviniek alebo n\u00e1v\u0161tevn\u00edkom webu, zverujete n\u00e1m svoje osobn\u00e9 \u00fadaje. My\u00a0 zodpoved\u00e1me\u00a0 za ich ochranu a zabezpe\u010denie. Zozn\u00e1mte sa, pros\u00edm, s ochranou osobn\u00fdch \u00fadajov, z\u00e1sadami a pr\u00e1vami, ktor\u00e9 m\u00e1te v s\u00favislosti s GDPR (Nariadenie o ochrane osobn\u00fdch \u00fadajov).<\/p><p><b>Kto je spr\u00e1vca?<\/b><\/p><p><span style=\"background-color: var( --e-global-color-55ddcba ); font-size: 1rem;\"><b>\u00a0Petra \u010c\u00e1sarov\u00e1<\/b> so s\u00eddlom Kostoln\u00e1 508, Beladice 95175, ktor\u00e1 prev\u00e1dzkuje webov\u00fa str\u00e1nku www.petracasarovadizajn.sk. Va\u0161e osobn\u00e9 \u00fadaje spracov\u00e1vam ako spr\u00e1vca, tj. ur\u010dujem, ako bud\u00fa osobn\u00e9 \u00fadaje spracov\u00e1van\u00e9 a za ak\u00fdm \u00fa\u010delom, po ak\u00fa dlh\u00fa dobu a vyber\u00e1m pr\u00edpadn\u00fdch \u010fal\u0161\u00edch spracovate\u013eov, ktor\u00ed mi so spracovan\u00edm bud\u00fa pom\u00e1ha\u0165.<\/span><\/p><p><b>Kontaktn\u00e9 \u00fadaje<\/b><\/p><p>Pokia\u013e sa na n\u00e1s budete chcie\u0165 v priebehu spracovania obr\u00e1ti\u0165, m\u00f4\u017eete ma kontaktova\u0165 na e-mail: infopetracasarovadizajn.sk<\/p><p><b>Prehlasujem<\/b><\/p><p>Prehlasujeme, \u017ee ako spr\u00e1vca va\u0161ich osobn\u00fdch \u00fadajov spl\u0148ujeme v\u0161etky z\u00e1konn\u00e9 povinnosti vy\u017eadovan\u00e9 platnou legislat\u00edvou, hlavne z\u00e1konom o ochrane osobn\u00fdch \u00fadajov a GDPR, a teda \u017ee:<\/p><ul><li>budeme spracov\u00e1va\u0165 va\u0161e osobn\u00e9 \u00fadaje len na z\u00e1klade platn\u00e9ho pr\u00e1vneho d\u00f4vodu, a to predov\u0161etk\u00fdm opr\u00e1vnen\u00e9ho z\u00e1ujmu, plnenia zmluvy, z\u00e1konnej povinnosti \u010di udelen\u00e9ho s\u00fahlasu,<\/li><li>pln\u00edme pod\u013ea \u010dl\u00e1nku 13 GDPR informa\u010dn\u00fa povinnos\u0165 e\u0161te pred zah\u00e1jen\u00edm spracovania osobn\u00fdch \u00fadajov,<\/li><li>umo\u017en\u00edme v\u00e1m a budeme v\u00e1s podporova\u0165 v uplat\u0148ovan\u00ed a plnen\u00ed va\u0161ich pr\u00e1v pod\u013ea z\u00e1kona o ochrane osobn\u00fdch \u00fadajov a GDPR.<\/li><\/ul><p><b>Rozsah osobn\u00fdch \u00fadajov a \u00fa\u010dely spracovania<\/b><\/p><p>Sprac\u00favame osobn\u00e9 \u00fadaje, ktor\u00e9 n\u00e1m zver\u00edte sami, a to z nasleduj\u00facich d\u00f4vodov (pre naplnenie t\u00fdchto \u00fa\u010delov):<\/p><p>\u27a4 marketing \u2013 zasielanie newsletterov<\/p><p>Va\u0161e osobn\u00e9 \u00fadaje (e-mail a meno),\u00a0 na \u010do klik\u00e1te v e-maily a kedy ich naj\u010dastej\u0161ie otv\u00e1rate vyu\u017e\u00edvame za \u00fa\u010delom priameho marketingu \u2013 zasielanie obchodn\u00fdch pon\u00fak. Ak ste mojim z\u00e1kazn\u00edkom, rob\u00edm tak z opr\u00e1vnen\u00e9ho z\u00e1ujmu, preto\u017ee d\u00f4vodne predpoklad\u00e1me, \u017ee v\u00e1s na\u0161e novinky zauj\u00edmaj\u00fa, a to po dobu, pokia\u013e sa sami odhl\u00e1site.<\/p><p>Pokia\u013e nie ste n\u0161im z\u00e1kazn\u00edkom, zasielame v\u00e1m newslettery len na z\u00e1klade v\u00e1\u0161ho s\u00fahlasu, po dobu, ne\u017e sa sami odhl\u00e1site. V oboch pr\u00edpadoch m\u00f4\u017eete tento s\u00fahlas odvola\u0165 pou\u017eit\u00edm odhlasovacieho odkazu v ka\u017edom zaslanom e-maili.<\/p><p>\u27a4 poskytovanie slu\u017eieb, plnenie zmluvy\u00a0<\/p><p>Va\u0161e osobn\u00e9 \u00fadaje v rozsahu: e-mail, nevyhnutne potrebujem k plneniu zmluvy (napr. zaslanie ebooku, in\u00e9ho elektronick\u00e9ho produktu, tvorba web str\u00e1nky, at\u010f.)<\/p><p>\u27a4 vedenie \u00fa\u010dtovn\u00edctva<\/p><p>Ak ste z\u00e1kazn\u00edkmi, va\u0161e osobn\u00e9 \u00fadaje (faktura\u010dn\u00e9 \u00fadaje) nevyhnutne potrebujeme, aby sme vyhoveli z\u00e1konnej povinnosti pre vystavovanie a evidenciu da\u0148ov\u00fdch dokladov.<\/p><p>\u27a4 pokro\u010dil\u00fd marketing na z\u00e1klade s\u00fahlasu<\/p><p>Len na z\u00e1klade v\u00e1\u0161ho s\u00fahlasu v\u00e1m m\u00f4\u017eeme zasiela\u0165 tie\u017e in\u0161piruj\u00face ponuky tret\u00edch os\u00f4b alebo vyu\u017ei\u0165 e-mailov\u00fa adresu napr. pre remarketing a cielenie reklamy na Facebooku, a to po dobu ne\u017e sa sami odhl\u00e1site. To m\u00f4\u017eete samozrejme kedyko\u013evek odvola\u0165 prostredn\u00edctvom mojich kontaktn\u00fdch \u00fadajov.<\/p><p>Va\u0161e osobn\u00e9 \u00fadaje si ponech\u00e1vame po dobu priebehu preml\u010dac\u00edch leh\u00f4t, pokia\u013e z\u00e1kon nestanov\u00ed dlh\u0161iu dobu k ich uchov\u00e1vaniu alebo sme v konkr\u00e9tnych pr\u00edpadoch neuviedli inak.<\/p><p><b>Cookies<\/b><\/p><p>Pri prech\u00e1dzan\u00ed mojej webovej str\u00e1nky zaznamen\u00e1vam va\u0161u IP adresu, ako dlho sa na str\u00e1nke zdr\u017e\u00edte a z ktorej str\u00e1nky prich\u00e1dzate. Pou\u017e\u00edvanie cookies na meranie n\u00e1v\u0161tevnosti webu a prisp\u00f4sobenie zobrazenia webov\u00fdch str\u00e1nok vn\u00edmam ako svoj opr\u00e1vnen\u00fd z\u00e1ujem spr\u00e1vcu, preto\u017ee ver\u00edme, \u017ee v\u010faka tomu v\u00e1m m\u00f4\u017eem pon\u00faknu\u0165 e\u0161te lep\u0161ie slu\u017eby.<\/p><p>Cookies pre cielenie reklamy bud\u00fa spracov\u00e1van\u00e9 len na z\u00e1klade v\u00e1\u0161ho s\u00fahlasu.<\/p><p>Moju webov\u00fa str\u00e1nku m\u00f4\u017eete prech\u00e1dza\u0165 tie\u017e v re\u017eime, ktor\u00fd neumo\u017e\u0148uje zbieranie osobn\u00fdch \u00fadajov. Pou\u017e\u00edvanie cookies m\u00f4\u017eete na svojom po\u010d\u00edta\u010di zak\u00e1za\u0165.<\/p><p><b>Zabezpe\u010denie a ochrana osobn\u00fdch \u00fadajov<\/b><\/p><p>Chr\u00e1nime osobn\u00e9 \u00fadaje v maxim\u00e1lnej mo\u017enej miere pomocou modern\u00fdch technol\u00f3gi\u00ed, ktor\u00e9 odpovedaj\u00fa stup\u0148u technick\u00e9ho rozvoja. Chr\u00e1nime ich ako keby boli na\u0161e vlastn\u00e9. Prijali sme a udr\u017eujeme v\u0161etky mo\u017en\u00e9 (aktu\u00e1lne zn\u00e1me) technick\u00e9 a organiza\u010dn\u00e9 opatrenia, ktor\u00e9 zamedzuj\u00fa zneu\u017eitie, po\u0161kodenie alebo zni\u010denie va\u0161ich osobn\u00fdch \u00fadajov.<\/p><p><b>Poskytnutie osobn\u00fdch \u00fadajov tret\u00edm osob\u00e1m<\/b><\/p><p>K va\u0161im osobn\u00fdm \u00fadajom maj\u00fa pr\u00edstup na\u0161i spolupracovn\u00edci. Pre zaistenie konkr\u00e9tnych spracovate\u013esk\u00fdch oper\u00e1ci\u00ed, ktor\u00e9 nedok\u00e1\u017eeme zaisti\u0165 vlastn\u00fdmi silami, vyu\u017e\u00edvame slu\u017eby a aplik\u00e1cie spracovate\u013eov, ktor\u00ed vedia d\u00e1ta ochr\u00e1ni\u0165 e\u0161te lep\u0161ie ne\u017e my a na dan\u00e9 spracovanie sa \u0161pecializuj\u00fa. S\u00fa to nasleduj\u00faci poskytovatelia:<\/p><ul><li>MailerLite \u2013 aplik\u00e1cia pre komunik\u00e1ciu<\/li><li>Facebook \u2013 FB pixel<\/li><li>Google \u2013 Google Analytics<\/li><\/ul><p>Je mo\u017en\u00e9, \u017ee sa v bud\u00facnosti rozhodneme vyu\u017ei\u0165 \u010fal\u0161ie aplik\u00e1cie \u010di spracovate\u013eov, pre u\u013eah\u010denie a skvalitnenie spracovania. S\u013eubujeme v\u00e1m v\u0161ak, \u017ee v takom pr\u00edpade pri v\u00fdbere, budeme na spracovate\u013eov kl\u00e1s\u0165 minim\u00e1lne rovnak\u00e9 n\u00e1roky na zabezpe\u010denie a kvalitu spracovania ako na seba.<\/p><p><b>Poskytovanie d\u00e1t mimo Eur\u00f3pskej \u00fanie<\/b><\/p><p>D\u00e1ta spracov\u00e1vame v\u00fdhradne v Eur\u00f3pskej \u00fanii alebo v krajin\u00e1ch, ktor\u00e9 zais\u0165uj\u00fa adekv\u00e1tnu \u00farove\u0148 ochrany na z\u00e1klade rozhodnutia Eur\u00f3pskej komisie.<\/p><p><b>Va\u0161e pr\u00e1va v s\u00favislosti s ochranou osobn\u00fdch \u00fadajov<\/b><\/p><p>V s\u00favislosti s ochranou osobn\u00fdch \u00fadajov m\u00e1te svoje pr\u00e1va. Pokia\u013e budete chcie\u0165 niektor\u00e9 z t\u00fdchto pr\u00e1v vyu\u017ei\u0165, pros\u00edm, kontaktujte n\u00e1s prostred\u00edctvom e-mailu: info@petracasarovadizajn.sk<\/p><p>M\u00e1te pr\u00e1vo na inform\u00e1cie, ktor\u00e9 je plnen\u00e9 u\u017e touto informa\u010dnou str\u00e1nkou so z\u00e1sadami spracovania osobn\u00fdch \u00fadajov.<\/p><p>V\u010faka pr\u00e1vu na pr\u00edstup n\u00e1s m\u00f4\u017eete kedyko\u013evek vyzva\u0165 a my v\u00e1m dolo\u017e\u00edme v lehote 14 dn\u00ed, ak\u00e9 va\u0161e osobn\u00e9 \u00fadaje spracov\u00e1vame a pre\u010do.<\/p><p>Pokia\u013e sa u v\u00e1s nie\u010do zmen\u00ed alebo zbad\u00e1te svoje osobn\u00e9 \u00fadaje neaktu\u00e1lne alebo ne\u00fapln\u00e9, m\u00e1te pr\u00e1vo na doplnenie a zmenu osobn\u00fdch \u00fadajov.<\/p><p>Pr\u00e1vo na obmedzenie spracovania m\u00f4\u017eete vyu\u017ei\u0165, pokia\u013e sa domnievate, \u017ee spracov\u00e1vame va\u0161e nepresn\u00e9 \u00fadaje, domnievate sa, \u017ee vykon\u00e1vame spracovanie nez\u00e1konne, ale nechcete v\u0161etky \u00fadaje zmaza\u0165, alebo pokia\u013e ste vzniesli n\u00e1mietku proti spracovaniu.<\/p><p>Obmedzi\u0165 m\u00f4\u017eete rozsah osobn\u00fdch \u00fadajov alebo \u00fa\u010del spracovania. (Napr. odhl\u00e1sen\u00edm z newsletteru obmedzujete \u00fa\u010del spracovania pre zasielanie obchodn\u00fdch ozn\u00e1men\u00ed.)<\/p><p>Pr\u00e1vo na prenos \u00fadajov<\/p><p>Pokia\u013e by ste chceli svoje osobn\u00e9 \u00fadaje vzia\u0165 a prenies\u0165 k niekomu in\u00e9mu, budeme postupova\u0165 rovnako ako pri vyu\u017eit\u00ed pr\u00e1va na pr\u00edstup \u2013 len s t\u00fdm rozdielom, \u017ee v\u00e1m inform\u00e1cie dod\u00e1me v elektronicky \u010ditate\u013enej podobe. Tu potrebujem aspo\u0148 30 dn\u00ed.<\/p><p>Pr\u00e1vo na v\u00fdmaz (by\u0165 zabudnut\u00fd)<\/p><p>Va\u0161im \u010fal\u0161\u00edm pr\u00e1vom je pr\u00e1vo na v\u00fdmaz (by\u0165 zabudnut\u00fd). Nechceme na v\u00e1s zabudn\u00fa\u0165, ale pokia\u013e si to budete pria\u0165, m\u00e1te na to pr\u00e1vo. V takom pr\u00edpade vyma\u017eeme v\u0161etky va\u0161e osobn\u00e9 \u00fadaje zo svojho syst\u00e9mu aj zo syst\u00e9mu v\u0161etk\u00fdch \u010diastkov\u00fdch spracovate\u013eov a z\u00e1loh. Na zaistenie pr\u00e1va na v\u00fdmaz potrebujeme 30 dn\u00ed.<\/p><p>V niektor\u00fdch pr\u00edpadoch sme viazan\u00ed z\u00e1konnou povinnos\u0165ou, a napr. mus\u00edme evidova\u0165 vystaven\u00e9 da\u0148ov\u00e9 doklady po dobu stanoven\u00fa z\u00e1konom. V tomto pr\u00edpade tak zma\u017eeme v\u0161etky tak\u00e9 osobn\u00e9 \u00fadaje, ktor\u00e9 nie s\u00fa viazan\u00e9 in\u00fdm z\u00e1konom. O dokon\u010den\u00ed v\u00fdmazu v\u00e1s budeme informova\u0165 na e-mail.<\/p><p>S\u0165a\u017enos\u0165 na \u00darad na ochranu osobn\u00fdch \u00fadajov<\/p><p>Pokia\u013e m\u00e1te pocit, \u017ee s va\u0161imi \u00fadajmi nezaobch\u00e1dzame v s\u00falade so z\u00e1konom, m\u00e1te pr\u00e1vo sa so svojou s\u0165a\u017enos\u0165ou kedyko\u013evek obr\u00e1ti\u0165 na \u00darad na ochranu osobn\u00fdch \u00fadajov. Budeme ve\u013emi radi pokia\u013e najprv budete o tomto podozren\u00ed informova\u0165 n\u00e1s, aby sme s t\u00fdm mohli nie\u010do urobi\u0165 a pr\u00edpadn\u00e9 pochybenie napravi\u0165.<\/p><p>Odhl\u00e1senie zo zasielania newsletteru a obchodn\u00fdch ozn\u00e1men\u00ed<\/p><p>E-maily s in\u0161pir\u00e1ciou, \u010dl\u00e1nky \u010di produkty a slu\u017eby v\u00e1m zasielame ak ste m\u00f4j z\u00e1kazn\u00edk na z\u00e1klade v\u00e1\u0161ho opr\u00e1vnen\u00e9ho z\u00e1ujmu.<\/p><p>Pokia\u013e z\u00e1kazn\u00edkom e\u0161te nie ste, posielame v\u00e1m ich len na z\u00e1klade v\u00e1\u0161ho s\u00fahlasu. V oboch pr\u00edpadoch m\u00f4\u017eete ukon\u010di\u0165 odber na\u0161ich e-mailov stla\u010den\u00edm odhlasovacieho odkazu v ka\u017edom zaslanom e-maili.<\/p><p><b>Ml\u010danlivos\u0165<\/b><\/p><p>Dovo\u013eujeme si V\u00e1s uisti\u0165, \u017ee na\u0161i spolupracovn\u00edci, ktor\u00ed bud\u00fa spracov\u00e1va\u0165 Va\u0161e osobn\u00e9 \u00fadaje, s\u00fa povinn\u00ed zachov\u00e1va\u0165 ml\u010danlivos\u0165 o osobn\u00fdch \u00fadajoch a o bezpe\u010dnostn\u00fdch opatreniach, ktor\u00fdch zverejnenie by ohrozilo zabezpe\u010denie Va\u0161ich osobn\u00fdch \u00fadajov. T\u00e1to ml\u010danlivos\u0165 pritom trv\u00e1 aj po skon\u010den\u00ed z\u00e1v\u00e4zkov\u00fdch vz\u0165ahov s nami. Bez v\u00e1\u0161ho s\u00fahlasu nebud\u00fa va\u0161e osobn\u00e9 \u00fadaje vydan\u00e9 \u017eiadnej inej tretej strane.<\/p><p>Tieto z\u00e1sady spracovania osobn\u00fdch \u00fadajov platia od 13.2.2018.<\/p><\/div><\/div><\/div><\/div><\/div><\/div><\/div><\/div><\/section><\/div><\/div><\/div><div id=\"cliSettingsPopup\" class=\"cli-modal\" tabindex=\"-1\" role=\"dialog\" data-nosnippet=\"true\" aria-labelledby=\"cliSettingsPopup\" aria-hidden=\"true\"><div class=\"cli-modal-dialog\" role=\"document\"><div class=\"cli-modal-content cli-bar-popup\"><div class=\"cli-modal-body\"><div class=\"cli-container-fluid cli-tab-container\"><div class=\"cli-row\"><div class=\"cli-col-12 cli-align-items-stretch cli-px-0\"><div class=\"cli-privacy-overview\">\u00a0<\/div><\/div><\/div><\/div><\/div><\/div><\/div><\/div>\t\t\t\t\t<\/div>\n\t\t\t\t\t\t<\/div>\n\t\t\t\t<\/div>\n\t\t\t\t<div class=\"elementor-element elementor-element-04c56cb elementor-widget elementor-widget-text-editor\" data-id=\"04c56cb\" data-element_type=\"widget\" data-widget_type=\"text-editor.default\">\n\t\t\t\t<div class=\"elementor-widget-container\">\n\t\t\t\t\t\t\t\t<div class=\"elementor-text-editor elementor-clearfix\">\n\t\t\t\t\t\t\t\t\t<\/div>\n\t\t\t\t\t\t<\/div>\n\t\t\t\t<\/div>\n\t\t\t\t<div class=\"elementor-element elementor-element-1bfc5d6 elementor-widget elementor-widget-text-editor\" data-id=\"1bfc5d6\" data-element_type=\"widget\" data-widget_type=\"text-editor.default\">\n\t\t\t\t<div class=\"elementor-widget-container\">\n\t\t\t\t\t\t\t\t<div class=\"elementor-text-editor elementor-clearfix\">\n\t\t\t\t\t\t\t\t\t<\/div>\n\t\t\t\t\t\t<\/div>\n\t\t\t\t<\/div>\n\t\t\t\t\t\t<\/div>\n\t\t\t\t\t<\/div>\n\t\t<\/div>\n\t\t\t\t\t\t\t\t<\/div>\n\t\t\t\t\t<\/div>\n\t\t<\/section>\n\t\t\t\t\t\t\t\t\t<\/div>\n\t\t\t<\/div>\n\t\t\t\t\t<\/div>\n\t\t","protected":false},"excerpt":{"rendered":"<p>Z\u00e1sady spracovania osobn\u00fdch \u00fadajov Z\u00e1sady sprac\u00favania osobn\u00fdch \u00fadajov Ochrana osobn\u00fdch \u00fadajov Pokia\u013e ste n\u0161im z\u00e1kazn\u00edkom, odberate\u013eom noviniek alebo n\u00e1v\u0161tevn\u00edkom webu, zverujete n\u00e1m svoje osobn\u00e9 \u00fadaje. My\u00a0 zodpoved\u00e1me\u00a0 za ich ochranu a zabezpe\u010denie. Zozn\u00e1mte sa, pros\u00edm, s ochranou osobn\u00fdch \u00fadajov, z\u00e1sadami a pr\u00e1vami, ktor\u00e9 m\u00e1te v s\u00favislosti s GDPR (Nariadenie o ochrane osobn\u00fdch \u00fadajov). Kto je [&hellip;]<\/p>\n","protected":false},"author":1,"featured_media":0,"parent":0,"menu_order":0,"comment_status":"closed","ping_status":"closed","template":"elementor_canvas","meta":{"_monsterinsights_skip_tracking":false,"_monsterinsights_sitenote_active":false,"_monsterinsights_sitenote_note":"","_monsterinsights_sitenote_category":0},"yoast_head":"<!-- This site is optimized with the Yoast SEO plugin v20.4 - https:\/\/yoast.com\/wordpress\/plugins\/seo\/ -->\n<title>Z\u00e1sady spracovania osobn\u00fdch \u00fadajov-ZSO\u00da - petracasarovadizajn<\/title>\n<meta name=\"robots\" content=\"index, follow, max-snippet:-1, max-image-preview:large, max-video-preview:-1\" \/>\n<link rel=\"canonical\" href=\"https:\/\/petracasarovadizajn.sk\/?page_id=484\" \/>\n<meta property=\"og:locale\" content=\"sk_SK\" \/>\n<meta property=\"og:type\" content=\"article\" \/>\n<meta property=\"og:title\" content=\"Z\u00e1sady spracovania osobn\u00fdch \u00fadajov-ZSO\u00da - petracasarovadizajn\" \/>\n<meta property=\"og:description\" content=\"Z\u00e1sady spracovania osobn\u00fdch \u00fadajov Z\u00e1sady sprac\u00favania osobn\u00fdch \u00fadajov Ochrana osobn\u00fdch \u00fadajov Pokia\u013e ste n\u0161im z\u00e1kazn\u00edkom, odberate\u013eom noviniek alebo n\u00e1v\u0161tevn\u00edkom webu, zverujete n\u00e1m svoje osobn\u00e9 \u00fadaje. My\u00a0 zodpoved\u00e1me\u00a0 za ich ochranu a zabezpe\u010denie. Zozn\u00e1mte sa, pros\u00edm, s ochranou osobn\u00fdch \u00fadajov, z\u00e1sadami a pr\u00e1vami, ktor\u00e9 m\u00e1te v s\u00favislosti s GDPR (Nariadenie o ochrane osobn\u00fdch \u00fadajov). Kto je [&hellip;]\" \/>\n<meta property=\"og:url\" content=\"https:\/\/petracasarovadizajn.sk\/?page_id=484\" \/>\n<meta property=\"og:site_name\" content=\"petracasarovadizajn\" \/>\n<meta property=\"article:modified_time\" content=\"2021-08-31T19:50:37+00:00\" \/>\n<meta name=\"twitter:card\" content=\"summary_large_image\" \/>\n<meta name=\"twitter:label1\" content=\"Predpokladan\u00fd \u010das \u010d\u00edtania\" \/>\n\t<meta name=\"twitter:data1\" content=\"10 min\u00fat\" \/>\n<script type=\"application\/ld+json\" class=\"yoast-schema-graph\">{\"@context\":\"https:\/\/schema.org\",\"@graph\":[{\"@type\":\"WebPage\",\"@id\":\"https:\/\/petracasarovadizajn.sk\/?page_id=484\",\"url\":\"https:\/\/petracasarovadizajn.sk\/?page_id=484\",\"name\":\"Z\u00e1sady spracovania osobn\u00fdch \u00fadajov-ZSO\u00da - petracasarovadizajn\",\"isPartOf\":{\"@id\":\"https:\/\/petracasarovadizajn.sk\/#website\"},\"datePublished\":\"2021-02-25T15:00:01+00:00\",\"dateModified\":\"2021-08-31T19:50:37+00:00\",\"breadcrumb\":{\"@id\":\"https:\/\/petracasarovadizajn.sk\/?page_id=484#breadcrumb\"},\"inLanguage\":\"sk-SK\",\"potentialAction\":[{\"@type\":\"ReadAction\",\"target\":[\"https:\/\/petracasarovadizajn.sk\/?page_id=484\"]}]},{\"@type\":\"BreadcrumbList\",\"@id\":\"https:\/\/petracasarovadizajn.sk\/?page_id=484#breadcrumb\",\"itemListElement\":[{\"@type\":\"ListItem\",\"position\":1,\"name\":\"Home\",\"item\":\"https:\/\/petracasarovadizajn.sk\/\"},{\"@type\":\"ListItem\",\"position\":2,\"name\":\"Z\u00e1sady spracovania osobn\u00fdch \u00fadajov-ZSO\u00da\"}]},{\"@type\":\"WebSite\",\"@id\":\"https:\/\/petracasarovadizajn.sk\/#website\",\"url\":\"https:\/\/petracasarovadizajn.sk\/\",\"name\":\"petracasarovadizajn\",\"description\":\"interi\u00e9rov\u00fd dizajn\",\"potentialAction\":[{\"@type\":\"SearchAction\",\"target\":{\"@type\":\"EntryPoint\",\"urlTemplate\":\"https:\/\/petracasarovadizajn.sk\/?s={search_term_string}\"},\"query-input\":\"required name=search_term_string\"}],\"inLanguage\":\"sk-SK\"}]}<\/script>\n<!-- \/ Yoast SEO plugin. -->","yoast_head_json":{"title":"Z\u00e1sady spracovania osobn\u00fdch \u00fadajov-ZSO\u00da - petracasarovadizajn","robots":{"index":"index","follow":"follow","max-snippet":"max-snippet:-1","max-image-preview":"max-image-preview:large","max-video-preview":"max-video-preview:-1"},"canonical":"https:\/\/petracasarovadizajn.sk\/?page_id=484","og_locale":"sk_SK","og_type":"article","og_title":"Z\u00e1sady spracovania osobn\u00fdch \u00fadajov-ZSO\u00da - petracasarovadizajn","og_description":"Z\u00e1sady spracovania osobn\u00fdch \u00fadajov Z\u00e1sady sprac\u00favania osobn\u00fdch \u00fadajov Ochrana osobn\u00fdch \u00fadajov Pokia\u013e ste n\u0161im z\u00e1kazn\u00edkom, odberate\u013eom noviniek alebo n\u00e1v\u0161tevn\u00edkom webu, zverujete n\u00e1m svoje osobn\u00e9 \u00fadaje. My\u00a0 zodpoved\u00e1me\u00a0 za ich ochranu a zabezpe\u010denie. Zozn\u00e1mte sa, pros\u00edm, s ochranou osobn\u00fdch \u00fadajov, z\u00e1sadami a pr\u00e1vami, ktor\u00e9 m\u00e1te v s\u00favislosti s GDPR (Nariadenie o ochrane osobn\u00fdch \u00fadajov). Kto je [&hellip;]","og_url":"https:\/\/petracasarovadizajn.sk\/?page_id=484","og_site_name":"petracasarovadizajn","article_modified_time":"2021-08-31T19:50:37+00:00","twitter_card":"summary_large_image","twitter_misc":{"Predpokladan\u00fd \u010das \u010d\u00edtania":"10 min\u00fat"},"schema":{"@context":"https:\/\/schema.org","@graph":[{"@type":"WebPage","@id":"https:\/\/petracasarovadizajn.sk\/?page_id=484","url":"https:\/\/petracasarovadizajn.sk\/?page_id=484","name":"Z\u00e1sady spracovania osobn\u00fdch \u00fadajov-ZSO\u00da - petracasarovadizajn","isPartOf":{"@id":"https:\/\/petracasarovadizajn.sk\/#website"},"datePublished":"2021-02-25T15:00:01+00:00","dateModified":"2021-08-31T19:50:37+00:00","breadcrumb":{"@id":"https:\/\/petracasarovadizajn.sk\/?page_id=484#breadcrumb"},"inLanguage":"sk-SK","potentialAction":[{"@type":"ReadAction","target":["https:\/\/petracasarovadizajn.sk\/?page_id=484"]}]},{"@type":"BreadcrumbList","@id":"https:\/\/petracasarovadizajn.sk\/?page_id=484#breadcrumb","itemListElement":[{"@type":"ListItem","position":1,"name":"Home","item":"https:\/\/petracasarovadizajn.sk\/"},{"@type":"ListItem","position":2,"name":"Z\u00e1sady spracovania osobn\u00fdch \u00fadajov-ZSO\u00da"}]},{"@type":"WebSite","@id":"https:\/\/petracasarovadizajn.sk\/#website","url":"https:\/\/petracasarovadizajn.sk\/","name":"petracasarovadizajn","description":"interi\u00e9rov\u00fd dizajn","potentialAction":[{"@type":"SearchAction","target":{"@type":"EntryPoint","urlTemplate":"https:\/\/petracasarovadizajn.sk\/?s={search_term_string}"},"query-input":"required name=search_term_string"}],"inLanguage":"sk-SK"}]}},"_links":{"self":[{"href":"https:\/\/petracasarovadizajn.sk\/index.php?rest_route=\/wp\/v2\/pages\/484"}],"collection":[{"href":"https:\/\/petracasarovadizajn.sk\/index.php?rest_route=\/wp\/v2\/pages"}],"about":[{"href":"https:\/\/petracasarovadizajn.sk\/index.php?rest_route=\/wp\/v2\/types\/page"}],"author":[{"embeddable":true,"href":"https:\/\/petracasarovadizajn.sk\/index.php?rest_route=\/wp\/v2\/users\/1"}],"replies":[{"embeddable":true,"href":"https:\/\/petracasarovadizajn.sk\/index.php?rest_route=%2Fwp%2Fv2%2Fcomments&post=484"}],"version-history":[{"count":6,"href":"https:\/\/petracasarovadizajn.sk\/index.php?rest_route=\/wp\/v2\/pages\/484\/revisions"}],"predecessor-version":[{"id":777,"href":"https:\/\/petracasarovadizajn.sk\/index.php?rest_route=\/wp\/v2\/pages\/484\/revisions\/777"}],"wp:attachment":[{"href":"https:\/\/petracasarovadizajn.sk\/index.php?rest_route=%2Fwp%2Fv2%2Fmedia&parent=484"}],"curies":[{"name":"wp","href":"https:\/\/api.w.org\/{rel}","templated":true}]}}