{"id":5207,"date":"2022-11-07T16:40:07","date_gmt":"2022-11-07T15:40:07","guid":{"rendered":"https:\/\/petracasarovadizajn.sk\/?page_id=5207"},"modified":"2024-01-04T15:30:53","modified_gmt":"2024-01-04T14:30:53","slug":"navrh-ako-darcek","status":"publish","type":"page","link":"https:\/\/petracasarovadizajn.sk\/?page_id=5207","title":{"rendered":"N\u00e1vrh ako dar\u010dek"},"content":{"rendered":"\t\t<div data-elementor-type=\"wp-page\" data-elementor-id=\"5207\" class=\"elementor elementor-5207\">\n\t\t\t\t\t\t<div class=\"elementor-inner\">\n\t\t\t\t<div class=\"elementor-section-wrap\">\n\t\t\t\t\t\t\t\t\t<section class=\"elementor-section elementor-top-section elementor-element elementor-element-fcc36c0 elementor-section-boxed elementor-section-height-default elementor-section-height-default\" data-id=\"fcc36c0\" data-element_type=\"section\" data-settings=\"{&quot;_ha_eqh_enable&quot;:false}\">\n\t\t\t\t\t\t<div class=\"elementor-container elementor-column-gap-default\">\n\t\t\t\t\t\t\t<div class=\"elementor-row\">\n\t\t\t\t\t<div class=\"elementor-column elementor-col-50 elementor-top-column elementor-element elementor-element-c5a06b2\" data-id=\"c5a06b2\" data-element_type=\"column\">\n\t\t\t<div class=\"elementor-column-wrap elementor-element-populated\">\n\t\t\t\t\t\t\t<div class=\"elementor-widget-wrap\">\n\t\t\t\t\t\t<div class=\"elementor-element elementor-element-0584f8d elementor-widget elementor-widget-image\" data-id=\"0584f8d\" data-element_type=\"widget\" data-widget_type=\"image.default\">\n\t\t\t\t<div class=\"elementor-widget-container\">\n\t\t\t\t\t\t\t\t<div class=\"elementor-image\">\n\t\t\t\t\t\t\t\t\t\t\t\t<img decoding=\"async\" width=\"800\" height=\"800\" src=\"https:\/\/petracasarovadizajn.sk\/wp-content\/uploads\/2023\/01\/Green-Red-Beige-Christmas-Sale-Instagram-Post-\u2013-kopia-\u2013-kopia-5-1024x1024.png\" class=\"attachment-large size-large wp-image-5767\" alt=\"\" loading=\"lazy\" srcset=\"https:\/\/petracasarovadizajn.sk\/wp-content\/uploads\/2023\/01\/Green-Red-Beige-Christmas-Sale-Instagram-Post-\u2013-kopia-\u2013-kopia-5-1024x1024.png 1024w, https:\/\/petracasarovadizajn.sk\/wp-content\/uploads\/2023\/01\/Green-Red-Beige-Christmas-Sale-Instagram-Post-\u2013-kopia-\u2013-kopia-5-300x300.png 300w, https:\/\/petracasarovadizajn.sk\/wp-content\/uploads\/2023\/01\/Green-Red-Beige-Christmas-Sale-Instagram-Post-\u2013-kopia-\u2013-kopia-5-150x150.png 150w, https:\/\/petracasarovadizajn.sk\/wp-content\/uploads\/2023\/01\/Green-Red-Beige-Christmas-Sale-Instagram-Post-\u2013-kopia-\u2013-kopia-5-768x768.png 768w, https:\/\/petracasarovadizajn.sk\/wp-content\/uploads\/2023\/01\/Green-Red-Beige-Christmas-Sale-Instagram-Post-\u2013-kopia-\u2013-kopia-5-1536x1536.png 1536w, https:\/\/petracasarovadizajn.sk\/wp-content\/uploads\/2023\/01\/Green-Red-Beige-Christmas-Sale-Instagram-Post-\u2013-kopia-\u2013-kopia-5-2048x2048.png 2048w\" sizes=\"(max-width: 800px) 100vw, 800px\" \/>\t\t\t\t\t\t\t\t\t\t\t\t\t\t<\/div>\n\t\t\t\t\t\t<\/div>\n\t\t\t\t<\/div>\n\t\t\t\t\t\t<\/div>\n\t\t\t\t\t<\/div>\n\t\t<\/div>\n\t\t\t\t<div class=\"elementor-column elementor-col-50 elementor-top-column elementor-element elementor-element-ae9ccd5\" data-id=\"ae9ccd5\" data-element_type=\"column\">\n\t\t\t<div class=\"elementor-column-wrap elementor-element-populated\">\n\t\t\t\t\t\t\t<div class=\"elementor-widget-wrap\">\n\t\t\t\t\t\t<div class=\"elementor-element elementor-element-b1c8dce elementor-widget elementor-widget-image\" data-id=\"b1c8dce\" data-element_type=\"widget\" data-widget_type=\"image.default\">\n\t\t\t\t<div class=\"elementor-widget-container\">\n\t\t\t\t\t\t\t\t<div class=\"elementor-image\">\n\t\t\t\t\t\t\t\t\t\t\t\t<img decoding=\"async\" width=\"800\" height=\"567\" src=\"https:\/\/petracasarovadizajn.sk\/wp-content\/uploads\/2022\/11\/Cream-Minimalist-Elegant-Hotel-Gift-Certificate-1024x726.png\" class=\"attachment-large size-large wp-image-5561\" alt=\"\" loading=\"lazy\" srcset=\"https:\/\/petracasarovadizajn.sk\/wp-content\/uploads\/2022\/11\/Cream-Minimalist-Elegant-Hotel-Gift-Certificate-1024x726.png 1024w, https:\/\/petracasarovadizajn.sk\/wp-content\/uploads\/2022\/11\/Cream-Minimalist-Elegant-Hotel-Gift-Certificate-300x213.png 300w, https:\/\/petracasarovadizajn.sk\/wp-content\/uploads\/2022\/11\/Cream-Minimalist-Elegant-Hotel-Gift-Certificate-768x545.png 768w, https:\/\/petracasarovadizajn.sk\/wp-content\/uploads\/2022\/11\/Cream-Minimalist-Elegant-Hotel-Gift-Certificate-1536x1090.png 1536w, https:\/\/petracasarovadizajn.sk\/wp-content\/uploads\/2022\/11\/Cream-Minimalist-Elegant-Hotel-Gift-Certificate.png 1748w\" sizes=\"(max-width: 800px) 100vw, 800px\" \/>\t\t\t\t\t\t\t\t\t\t\t\t\t\t<\/div>\n\t\t\t\t\t\t<\/div>\n\t\t\t\t<\/div>\n\t\t\t\t\t\t<\/div>\n\t\t\t\t\t<\/div>\n\t\t<\/div>\n\t\t\t\t\t\t\t\t<\/div>\n\t\t\t\t\t<\/div>\n\t\t<\/section>\n\t\t\t\t<section class=\"elementor-section elementor-top-section elementor-element elementor-element-1e0e86f elementor-section-boxed elementor-section-height-default elementor-section-height-default\" data-id=\"1e0e86f\" data-element_type=\"section\" data-settings=\"{&quot;background_background&quot;:&quot;classic&quot;,&quot;_ha_eqh_enable&quot;:false}\">\n\t\t\t\t\t\t<div class=\"elementor-container elementor-column-gap-default\">\n\t\t\t\t\t\t\t<div class=\"elementor-row\">\n\t\t\t\t\t<div class=\"elementor-column elementor-col-100 elementor-top-column elementor-element elementor-element-2d0671d\" data-id=\"2d0671d\" data-element_type=\"column\">\n\t\t\t<div class=\"elementor-column-wrap elementor-element-populated\">\n\t\t\t\t\t\t\t<div class=\"elementor-widget-wrap\">\n\t\t\t\t\t\t<div class=\"elementor-element elementor-element-f608098 elementor-widget elementor-widget-heading\" data-id=\"f608098\" data-element_type=\"widget\" data-widget_type=\"heading.default\">\n\t\t\t\t<div class=\"elementor-widget-container\">\n\t\t\t<h2 class=\"elementor-heading-title elementor-size-default\">Zverte svoje predstavy do mojich r\u00fak a doprajte si harnonick\u00fa atmosf\u00e9ru interi\u00e9ru \nv ktorom sa budete c\u00edti\u0165 ako doma. Rezervujte si svoj term\u00edn a nechajte to na m\u0148a...<\/h2>\t\t<\/div>\n\t\t\t\t<\/div>\n\t\t\t\t\t\t<\/div>\n\t\t\t\t\t<\/div>\n\t\t<\/div>\n\t\t\t\t\t\t\t\t<\/div>\n\t\t\t\t\t<\/div>\n\t\t<\/section>\n\t\t\t\t<section class=\"elementor-section elementor-top-section elementor-element elementor-element-251f4ce elementor-section-boxed elementor-section-height-default elementor-section-height-default\" data-id=\"251f4ce\" data-element_type=\"section\" data-settings=\"{&quot;background_background&quot;:&quot;classic&quot;,&quot;_ha_eqh_enable&quot;:false}\">\n\t\t\t\t\t\t<div class=\"elementor-container elementor-column-gap-default\">\n\t\t\t\t\t\t\t<div class=\"elementor-row\">\n\t\t\t\t\t<div class=\"elementor-column elementor-col-100 elementor-top-column elementor-element elementor-element-d9be2a2\" data-id=\"d9be2a2\" data-element_type=\"column\">\n\t\t\t<div class=\"elementor-column-wrap elementor-element-populated\">\n\t\t\t\t\t\t\t<div class=\"elementor-widget-wrap\">\n\t\t\t\t\t\t<div class=\"elementor-element elementor-element-b000e09 elementor-widget elementor-widget-heading\" data-id=\"b000e09\" data-element_type=\"widget\" data-widget_type=\"heading.default\">\n\t\t\t\t<div class=\"elementor-widget-container\">\n\t\t\t<h2 class=\"elementor-heading-title elementor-size-default\">Navrhnem V\u00e1m V\u00e1\u0161 vysn\u00edvan\u00fd domov.<\/h2>\t\t<\/div>\n\t\t\t\t<\/div>\n\t\t\t\t\t\t<\/div>\n\t\t\t\t\t<\/div>\n\t\t<\/div>\n\t\t\t\t\t\t\t\t<\/div>\n\t\t\t\t\t<\/div>\n\t\t<\/section>\n\t\t\t\t<section class=\"elementor-section elementor-top-section elementor-element elementor-element-67b0797 elementor-section-boxed elementor-section-height-default elementor-section-height-default\" data-id=\"67b0797\" data-element_type=\"section\" data-settings=\"{&quot;_ha_eqh_enable&quot;:false}\">\n\t\t\t\t\t\t<div class=\"elementor-container elementor-column-gap-default\">\n\t\t\t\t\t\t\t<div class=\"elementor-row\">\n\t\t\t\t\t<div class=\"elementor-column elementor-col-100 elementor-top-column elementor-element elementor-element-17a1b10\" data-id=\"17a1b10\" data-element_type=\"column\">\n\t\t\t<div class=\"elementor-column-wrap elementor-element-populated\">\n\t\t\t\t\t\t\t<div class=\"elementor-widget-wrap\">\n\t\t\t\t\t\t<div class=\"elementor-element elementor-element-87a7bde elementor-widget elementor-widget-image\" data-id=\"87a7bde\" data-element_type=\"widget\" data-widget_type=\"image.default\">\n\t\t\t\t<div class=\"elementor-widget-container\">\n\t\t\t\t\t\t\t\t<div class=\"elementor-image\">\n\t\t\t\t\t\t\t\t\t\t\t\t<img decoding=\"async\" width=\"800\" height=\"640\" src=\"https:\/\/petracasarovadizajn.sk\/wp-content\/uploads\/2023\/07\/Blue-Creative-Winter-Sale-Photo-Collage-\u2013-kopia-\u2013-kopia-\u2013-kopia-\u2013-kopia-\u2013-kopia-\u2013-kopia-\u2013-kopia-\u2013-kopia-\u2013-kopia-\u2013-kopia-\u2013-kopia-\u2013-kopia-\u2013-kopia-\u2013-kopia-1024x819.png\" class=\"attachment-large size-large wp-image-6089\" alt=\"\" loading=\"lazy\" srcset=\"https:\/\/petracasarovadizajn.sk\/wp-content\/uploads\/2023\/07\/Blue-Creative-Winter-Sale-Photo-Collage-\u2013-kopia-\u2013-kopia-\u2013-kopia-\u2013-kopia-\u2013-kopia-\u2013-kopia-\u2013-kopia-\u2013-kopia-\u2013-kopia-\u2013-kopia-\u2013-kopia-\u2013-kopia-\u2013-kopia-\u2013-kopia-1024x819.png 1024w, https:\/\/petracasarovadizajn.sk\/wp-content\/uploads\/2023\/07\/Blue-Creative-Winter-Sale-Photo-Collage-\u2013-kopia-\u2013-kopia-\u2013-kopia-\u2013-kopia-\u2013-kopia-\u2013-kopia-\u2013-kopia-\u2013-kopia-\u2013-kopia-\u2013-kopia-\u2013-kopia-\u2013-kopia-\u2013-kopia-\u2013-kopia-300x240.png 300w, https:\/\/petracasarovadizajn.sk\/wp-content\/uploads\/2023\/07\/Blue-Creative-Winter-Sale-Photo-Collage-\u2013-kopia-\u2013-kopia-\u2013-kopia-\u2013-kopia-\u2013-kopia-\u2013-kopia-\u2013-kopia-\u2013-kopia-\u2013-kopia-\u2013-kopia-\u2013-kopia-\u2013-kopia-\u2013-kopia-\u2013-kopia-768x614.png 768w, https:\/\/petracasarovadizajn.sk\/wp-content\/uploads\/2023\/07\/Blue-Creative-Winter-Sale-Photo-Collage-\u2013-kopia-\u2013-kopia-\u2013-kopia-\u2013-kopia-\u2013-kopia-\u2013-kopia-\u2013-kopia-\u2013-kopia-\u2013-kopia-\u2013-kopia-\u2013-kopia-\u2013-kopia-\u2013-kopia-\u2013-kopia-1536x1229.png 1536w, https:\/\/petracasarovadizajn.sk\/wp-content\/uploads\/2023\/07\/Blue-Creative-Winter-Sale-Photo-Collage-\u2013-kopia-\u2013-kopia-\u2013-kopia-\u2013-kopia-\u2013-kopia-\u2013-kopia-\u2013-kopia-\u2013-kopia-\u2013-kopia-\u2013-kopia-\u2013-kopia-\u2013-kopia-\u2013-kopia-\u2013-kopia-2048x1638.png 2048w\" sizes=\"(max-width: 800px) 100vw, 800px\" \/>\t\t\t\t\t\t\t\t\t\t\t\t\t\t<\/div>\n\t\t\t\t\t\t<\/div>\n\t\t\t\t<\/div>\n\t\t\t\t\t\t<\/div>\n\t\t\t\t\t<\/div>\n\t\t<\/div>\n\t\t\t\t\t\t\t\t<\/div>\n\t\t\t\t\t<\/div>\n\t\t<\/section>\n\t\t\t\t<section class=\"elementor-section elementor-top-section elementor-element elementor-element-4fd2527 elementor-section-boxed elementor-section-height-default elementor-section-height-default\" data-id=\"4fd2527\" data-element_type=\"section\" data-settings=\"{&quot;background_background&quot;:&quot;classic&quot;,&quot;_ha_eqh_enable&quot;:false}\">\n\t\t\t\t\t\t<div class=\"elementor-container elementor-column-gap-default\">\n\t\t\t\t\t\t\t<div class=\"elementor-row\">\n\t\t\t\t\t<div class=\"elementor-column elementor-col-100 elementor-top-column elementor-element elementor-element-eba440c\" data-id=\"eba440c\" data-element_type=\"column\">\n\t\t\t<div class=\"elementor-column-wrap elementor-element-populated\">\n\t\t\t\t\t\t\t<div class=\"elementor-widget-wrap\">\n\t\t\t\t\t\t<div class=\"elementor-element elementor-element-e84e1a9 elementor-widget elementor-widget-heading\" data-id=\"e84e1a9\" data-element_type=\"widget\" data-widget_type=\"heading.default\">\n\t\t\t\t<div class=\"elementor-widget-container\">\n\t\t\t<h2 class=\"elementor-heading-title elementor-size-default\">Lebo domov sa tvor\u00ed srdcom...<\/h2>\t\t<\/div>\n\t\t\t\t<\/div>\n\t\t\t\t\t\t<\/div>\n\t\t\t\t\t<\/div>\n\t\t<\/div>\n\t\t\t\t\t\t\t\t<\/div>\n\t\t\t\t\t<\/div>\n\t\t<\/section>\n\t\t\t\t<section class=\"elementor-section elementor-top-section elementor-element elementor-element-d719d23 elementor-section-boxed elementor-section-height-default elementor-section-height-default\" data-id=\"d719d23\" data-element_type=\"section\" data-settings=\"{&quot;_ha_eqh_enable&quot;:false}\">\n\t\t\t\t\t\t<div class=\"elementor-container elementor-column-gap-default\">\n\t\t\t\t\t\t\t<div class=\"elementor-row\">\n\t\t\t\t\t<div class=\"elementor-column elementor-col-100 elementor-top-column elementor-element elementor-element-2802d72\" data-id=\"2802d72\" data-element_type=\"column\">\n\t\t\t<div class=\"elementor-column-wrap elementor-element-populated\">\n\t\t\t\t\t\t\t<div class=\"elementor-widget-wrap\">\n\t\t\t\t\t\t<div class=\"elementor-element elementor-element-81f804f elementor-widget elementor-widget-text-editor\" data-id=\"81f804f\" data-element_type=\"widget\" data-widget_type=\"text-editor.default\">\n\t\t\t\t<div class=\"elementor-widget-container\">\n\t\t\t\t\t\t\t\t<div class=\"elementor-text-editor elementor-clearfix\">\n\t\t\t\t<p>\u00a0\u010carovn\u00e1 atmosf\u00e9ra a harm\u00f3nia domova po cel\u00fd rok. Pom\u00f4\u017eem v\u00e1m vytvori\u0165 harmonick\u00fd domov kam sa budete te\u0161i\u0165.<\/p>\t\t\t\t\t<\/div>\n\t\t\t\t\t\t<\/div>\n\t\t\t\t<\/div>\n\t\t\t\t\t\t<\/div>\n\t\t\t\t\t<\/div>\n\t\t<\/div>\n\t\t\t\t\t\t\t\t<\/div>\n\t\t\t\t\t<\/div>\n\t\t<\/section>\n\t\t\t\t<section class=\"elementor-section elementor-top-section elementor-element elementor-element-bdde4b9 elementor-section-boxed elementor-section-height-default elementor-section-height-default\" data-id=\"bdde4b9\" data-element_type=\"section\" data-settings=\"{&quot;_ha_eqh_enable&quot;:false}\">\n\t\t\t\t\t\t<div class=\"elementor-container elementor-column-gap-default\">\n\t\t\t\t\t\t\t<div class=\"elementor-row\">\n\t\t\t\t\t<div class=\"elementor-column elementor-col-100 elementor-top-column elementor-element elementor-element-086b904\" data-id=\"086b904\" data-element_type=\"column\">\n\t\t\t<div class=\"elementor-column-wrap elementor-element-populated\">\n\t\t\t\t\t\t\t<div class=\"elementor-widget-wrap\">\n\t\t\t\t\t\t<div class=\"elementor-element elementor-element-3df03b1 elementor-align-center elementor-widget elementor-widget-button\" data-id=\"3df03b1\" data-element_type=\"widget\" data-widget_type=\"button.default\">\n\t\t\t\t<div class=\"elementor-widget-container\">\n\t\t\t\t\t<div class=\"elementor-button-wrapper\">\n\t\t\t<a href=\"https:\/\/petracasarovadizajn.sk\/?page_id=1926\" class=\"elementor-button-link elementor-button elementor-size-xs\" role=\"button\">\n\t\t\t\t\t\t<span class=\"elementor-button-content-wrapper\">\n\t\t\t\t\t\t<span class=\"elementor-button-text\">KONTAKTUJTE MA<\/span>\n\t\t<\/span>\n\t\t\t\t\t<\/a>\n\t\t<\/div>\n\t\t\t\t<\/div>\n\t\t\t\t<\/div>\n\t\t\t\t\t\t<\/div>\n\t\t\t\t\t<\/div>\n\t\t<\/div>\n\t\t\t\t\t\t\t\t<\/div>\n\t\t\t\t\t<\/div>\n\t\t<\/section>\n\t\t\t\t\t\t\t\t\t<\/div>\n\t\t\t<\/div>\n\t\t\t\t\t<\/div>\n\t\t","protected":false},"excerpt":{"rendered":"<p>Zverte svoje predstavy do mojich r\u00fak a doprajte si harnonick\u00fa atmosf\u00e9ru interi\u00e9ru v ktorom sa budete c\u00edti\u0165 ako doma. Rezervujte si svoj term\u00edn a nechajte to na m\u0148a&#8230; Navrhnem V\u00e1m V\u00e1\u0161 vysn\u00edvan\u00fd domov. Lebo domov sa tvor\u00ed srdcom&#8230; \u00a0\u010carovn\u00e1 atmosf\u00e9ra a harm\u00f3nia domova po cel\u00fd rok. Pom\u00f4\u017eem v\u00e1m vytvori\u0165 harmonick\u00fd domov kam sa budete te\u0161i\u0165. [&hellip;]<\/p>\n","protected":false},"author":1,"featured_media":0,"parent":0,"menu_order":0,"comment_status":"closed","ping_status":"closed","template":"","meta":{"_monsterinsights_skip_tracking":false,"_monsterinsights_sitenote_active":false,"_monsterinsights_sitenote_note":"","_monsterinsights_sitenote_category":0},"yoast_head":"<!-- This site is optimized with the Yoast SEO plugin v20.4 - https:\/\/yoast.com\/wordpress\/plugins\/seo\/ -->\n<title>N\u00e1vrh ako dar\u010dek - petracasarovadizajn<\/title>\n<meta name=\"robots\" content=\"index, follow, max-snippet:-1, max-image-preview:large, max-video-preview:-1\" \/>\n<link rel=\"canonical\" href=\"https:\/\/petracasarovadizajn.sk\/?page_id=5207\" \/>\n<meta property=\"og:locale\" content=\"sk_SK\" \/>\n<meta property=\"og:type\" content=\"article\" \/>\n<meta property=\"og:title\" content=\"N\u00e1vrh ako dar\u010dek - petracasarovadizajn\" \/>\n<meta property=\"og:description\" content=\"Zverte svoje predstavy do mojich r\u00fak a doprajte si harnonick\u00fa atmosf\u00e9ru interi\u00e9ru v ktorom sa budete c\u00edti\u0165 ako doma. Rezervujte si svoj term\u00edn a nechajte to na m\u0148a&#8230; Navrhnem V\u00e1m V\u00e1\u0161 vysn\u00edvan\u00fd domov. Lebo domov sa tvor\u00ed srdcom&#8230; \u00a0\u010carovn\u00e1 atmosf\u00e9ra a harm\u00f3nia domova po cel\u00fd rok. Pom\u00f4\u017eem v\u00e1m vytvori\u0165 harmonick\u00fd domov kam sa budete te\u0161i\u0165. [&hellip;]\" \/>\n<meta property=\"og:url\" content=\"https:\/\/petracasarovadizajn.sk\/?page_id=5207\" \/>\n<meta property=\"og:site_name\" content=\"petracasarovadizajn\" \/>\n<meta property=\"article:modified_time\" content=\"2024-01-04T14:30:53+00:00\" \/>\n<meta property=\"og:image\" content=\"https:\/\/petracasarovadizajn.sk\/wp-content\/uploads\/2022\/11\/Cream-Minimalist-Elegant-Hotel-Gift-Certificate-1024x726.png\" \/>\n<meta name=\"twitter:card\" content=\"summary_large_image\" \/>\n<meta name=\"twitter:label1\" content=\"Predpokladan\u00fd \u010das \u010d\u00edtania\" \/>\n\t<meta name=\"twitter:data1\" content=\"1 min\u00fata\" \/>\n<script type=\"application\/ld+json\" class=\"yoast-schema-graph\">{\"@context\":\"https:\/\/schema.org\",\"@graph\":[{\"@type\":\"WebPage\",\"@id\":\"https:\/\/petracasarovadizajn.sk\/?page_id=5207\",\"url\":\"https:\/\/petracasarovadizajn.sk\/?page_id=5207\",\"name\":\"N\u00e1vrh ako dar\u010dek - petracasarovadizajn\",\"isPartOf\":{\"@id\":\"https:\/\/petracasarovadizajn.sk\/#website\"},\"datePublished\":\"2022-11-07T15:40:07+00:00\",\"dateModified\":\"2024-01-04T14:30:53+00:00\",\"breadcrumb\":{\"@id\":\"https:\/\/petracasarovadizajn.sk\/?page_id=5207#breadcrumb\"},\"inLanguage\":\"sk-SK\",\"potentialAction\":[{\"@type\":\"ReadAction\",\"target\":[\"https:\/\/petracasarovadizajn.sk\/?page_id=5207\"]}]},{\"@type\":\"BreadcrumbList\",\"@id\":\"https:\/\/petracasarovadizajn.sk\/?page_id=5207#breadcrumb\",\"itemListElement\":[{\"@type\":\"ListItem\",\"position\":1,\"name\":\"Home\",\"item\":\"https:\/\/petracasarovadizajn.sk\/\"},{\"@type\":\"ListItem\",\"position\":2,\"name\":\"N\u00e1vrh ako dar\u010dek\"}]},{\"@type\":\"WebSite\",\"@id\":\"https:\/\/petracasarovadizajn.sk\/#website\",\"url\":\"https:\/\/petracasarovadizajn.sk\/\",\"name\":\"petracasarovadizajn\",\"description\":\"interi\u00e9rov\u00fd dizajn\",\"potentialAction\":[{\"@type\":\"SearchAction\",\"target\":{\"@type\":\"EntryPoint\",\"urlTemplate\":\"https:\/\/petracasarovadizajn.sk\/?s={search_term_string}\"},\"query-input\":\"required name=search_term_string\"}],\"inLanguage\":\"sk-SK\"}]}<\/script>\n<!-- \/ Yoast SEO plugin. -->","yoast_head_json":{"title":"N\u00e1vrh ako dar\u010dek - petracasarovadizajn","robots":{"index":"index","follow":"follow","max-snippet":"max-snippet:-1","max-image-preview":"max-image-preview:large","max-video-preview":"max-video-preview:-1"},"canonical":"https:\/\/petracasarovadizajn.sk\/?page_id=5207","og_locale":"sk_SK","og_type":"article","og_title":"N\u00e1vrh ako dar\u010dek - petracasarovadizajn","og_description":"Zverte svoje predstavy do mojich r\u00fak a doprajte si harnonick\u00fa atmosf\u00e9ru interi\u00e9ru v ktorom sa budete c\u00edti\u0165 ako doma. Rezervujte si svoj term\u00edn a nechajte to na m\u0148a&#8230; Navrhnem V\u00e1m V\u00e1\u0161 vysn\u00edvan\u00fd domov. Lebo domov sa tvor\u00ed srdcom&#8230; \u00a0\u010carovn\u00e1 atmosf\u00e9ra a harm\u00f3nia domova po cel\u00fd rok. Pom\u00f4\u017eem v\u00e1m vytvori\u0165 harmonick\u00fd domov kam sa budete te\u0161i\u0165. [&hellip;]","og_url":"https:\/\/petracasarovadizajn.sk\/?page_id=5207","og_site_name":"petracasarovadizajn","article_modified_time":"2024-01-04T14:30:53+00:00","og_image":[{"url":"https:\/\/petracasarovadizajn.sk\/wp-content\/uploads\/2022\/11\/Cream-Minimalist-Elegant-Hotel-Gift-Certificate-1024x726.png"}],"twitter_card":"summary_large_image","twitter_misc":{"Predpokladan\u00fd \u010das \u010d\u00edtania":"1 min\u00fata"},"schema":{"@context":"https:\/\/schema.org","@graph":[{"@type":"WebPage","@id":"https:\/\/petracasarovadizajn.sk\/?page_id=5207","url":"https:\/\/petracasarovadizajn.sk\/?page_id=5207","name":"N\u00e1vrh ako dar\u010dek - petracasarovadizajn","isPartOf":{"@id":"https:\/\/petracasarovadizajn.sk\/#website"},"datePublished":"2022-11-07T15:40:07+00:00","dateModified":"2024-01-04T14:30:53+00:00","breadcrumb":{"@id":"https:\/\/petracasarovadizajn.sk\/?page_id=5207#breadcrumb"},"inLanguage":"sk-SK","potentialAction":[{"@type":"ReadAction","target":["https:\/\/petracasarovadizajn.sk\/?page_id=5207"]}]},{"@type":"BreadcrumbList","@id":"https:\/\/petracasarovadizajn.sk\/?page_id=5207#breadcrumb","itemListElement":[{"@type":"ListItem","position":1,"name":"Home","item":"https:\/\/petracasarovadizajn.sk\/"},{"@type":"ListItem","position":2,"name":"N\u00e1vrh ako dar\u010dek"}]},{"@type":"WebSite","@id":"https:\/\/petracasarovadizajn.sk\/#website","url":"https:\/\/petracasarovadizajn.sk\/","name":"petracasarovadizajn","description":"interi\u00e9rov\u00fd dizajn","potentialAction":[{"@type":"SearchAction","target":{"@type":"EntryPoint","urlTemplate":"https:\/\/petracasarovadizajn.sk\/?s={search_term_string}"},"query-input":"required name=search_term_string"}],"inLanguage":"sk-SK"}]}},"_links":{"self":[{"href":"https:\/\/petracasarovadizajn.sk\/index.php?rest_route=\/wp\/v2\/pages\/5207"}],"collection":[{"href":"https:\/\/petracasarovadizajn.sk\/index.php?rest_route=\/wp\/v2\/pages"}],"about":[{"href":"https:\/\/petracasarovadizajn.sk\/index.php?rest_route=\/wp\/v2\/types\/page"}],"author":[{"embeddable":true,"href":"https:\/\/petracasarovadizajn.sk\/index.php?rest_route=\/wp\/v2\/users\/1"}],"replies":[{"embeddable":true,"href":"https:\/\/petracasarovadizajn.sk\/index.php?rest_route=%2Fwp%2Fv2%2Fcomments&post=5207"}],"version-history":[{"count":6,"href":"https:\/\/petracasarovadizajn.sk\/index.php?rest_route=\/wp\/v2\/pages\/5207\/revisions"}],"predecessor-version":[{"id":6289,"href":"https:\/\/petracasarovadizajn.sk\/index.php?rest_route=\/wp\/v2\/pages\/5207\/revisions\/6289"}],"wp:attachment":[{"href":"https:\/\/petracasarovadizajn.sk\/index.php?rest_route=%2Fwp%2Fv2%2Fmedia&parent=5207"}],"curies":[{"name":"wp","href":"https:\/\/api.w.org\/{rel}","templated":true}]}}